{"id":18572,"date":"2020-10-05T11:03:47","date_gmt":"2020-10-05T08:03:47","guid":{"rendered":"https:\/\/www.radiomarket.fi\/tuote\/ekua9882-blaupunkt-autokaiutin\/"},"modified":"2021-11-09T16:18:17","modified_gmt":"2021-11-09T14:18:17","slug":"ekua9882-blaupunkt-autokaiutin","status":"publish","type":"product","link":"https:\/\/www.radiomarket.fi\/en\/kohde\/ekua9882-blaupunkt-autokaiutin\/","title":{"rendered":"EKUA9882 Blaupunkt Autokaiutin (EKUM)"},"content":{"rendered":"<p>P\u00e4\u00e4llep\u00e4in samanlaisia<\/p>","protected":false},"excerpt":{"rendered":"<p>P\u00e4\u00e4llep\u00e4in samanlaisia<\/p>","protected":false},"featured_media":29440,"template":"","meta":[],"_links":{"self":[{"href":"https:\/\/www.radiomarket.fi\/en\/wp-json\/wp\/v2\/product\/18572"}],"collection":[{"href":"https:\/\/www.radiomarket.fi\/en\/wp-json\/wp\/v2\/product"}],"about":[{"href":"https:\/\/www.radiomarket.fi\/en\/wp-json\/wp\/v2\/types\/product"}],"wp:featuredmedia":[{"embeddable":true,"href":"https:\/\/www.radiomarket.fi\/en\/wp-json\/wp\/v2\/media\/29440"}],"wp:attachment":[{"href":"https:\/\/www.radiomarket.fi\/en\/wp-json\/wp\/v2\/media?parent=18572"}],"curies":[{"name":"wp","href":"https:\/\/api.w.org\/{rel}","templated":true}]}}