{"id":18577,"date":"2020-10-05T11:03:48","date_gmt":"2020-10-05T08:03:48","guid":{"rendered":"https:\/\/www.radiomarket.fi\/tuote\/ekua9841-philips-rc-5340\/"},"modified":"2024-05-20T13:46:47","modified_gmt":"2024-05-20T10:46:47","slug":"ekua9841-philips-rc-5340","status":"publish","type":"product","link":"https:\/\/www.radiomarket.fi\/en\/kohde\/ekua9841-philips-rc-5340\/","title":{"rendered":"EKUA9841 Philips RC-5340 (EKUS)"},"content":{"rendered":"<p>RC-5340 for DVP3980, DVP3982 DVD Player. Kuvassa kolmas alhaalta.<br \/><br \/><span data-sheets-value=\"{&quot;1&quot;:2,&quot;2&quot;:&quot;testattu k\u00e4nnykk\u00e4kameran l\u00e4pi, l\u00e4hetti violettia&quot;}\" data-sheets-userformat=\"{&quot;2&quot;:8705,&quot;3&quot;:{&quot;1&quot;:0},&quot;12&quot;:0,&quot;16&quot;:12}\">Testattu k\u00e4nnykk\u00e4kameran l\u00e4pi 4\/2022, l\u00e4hett\u00e4\u00e4 violettia.<\/span><\/p>","protected":false},"excerpt":{"rendered":"<p>RC-5340 for DVP3980, DVP3982 DVD Player. Kuvassa kolmas alhaalta.Testattu k\u00e4nnykk\u00e4kameran l\u00e4pi 4\/2022, l\u00e4hett\u00e4\u00e4 violettia.<\/p>","protected":false},"featured_media":11822,"template":"","meta":[],"_links":{"self":[{"href":"https:\/\/www.radiomarket.fi\/en\/wp-json\/wp\/v2\/product\/18577"}],"collection":[{"href":"https:\/\/www.radiomarket.fi\/en\/wp-json\/wp\/v2\/product"}],"about":[{"href":"https:\/\/www.radiomarket.fi\/en\/wp-json\/wp\/v2\/types\/product"}],"wp:featuredmedia":[{"embeddable":true,"href":"https:\/\/www.radiomarket.fi\/en\/wp-json\/wp\/v2\/media\/11822"}],"wp:attachment":[{"href":"https:\/\/www.radiomarket.fi\/en\/wp-json\/wp\/v2\/media?parent=18577"}],"curies":[{"name":"wp","href":"https:\/\/api.w.org\/{rel}","templated":true}]}}