{"id":18580,"date":"2020-10-05T11:03:48","date_gmt":"2020-10-05T08:03:48","guid":{"rendered":"https:\/\/www.radiomarket.fi\/tuote\/ekua9836-schaub-ws42-weltsuper-42\/"},"modified":"2022-02-09T15:42:19","modified_gmt":"2022-02-09T13:42:19","slug":"ekua9836-schaub-ws42-weltsuper-42","status":"publish","type":"product","link":"https:\/\/www.radiomarket.fi\/en\/kohde\/ekua9836-schaub-ws42-weltsuper-42\/","title":{"rendered":"EKUA9836 Schaub (WS42) Weltsuper 42 (EKUS)"},"content":{"rendered":"<p>Verkkojohto puuttuu, takakannessa ylim\u00e4\u00e4r\u00e4isi\u00e4 reiki\u00e4. Pohjassa huoltoaukko, tehdastekoinen. Kotelo uudelleen lakattu.<br \/><br \/>Ei tutkittu tarkemmin.<\/p>","protected":false},"excerpt":{"rendered":"<p>Verkkojohto puuttuu, takakannessa ylim\u00e4\u00e4r\u00e4isi\u00e4 reiki\u00e4. Pohjassa huoltoaukko, tehdastekoinen. Kotelo uudelleen lakattu.Ei tutkittu tarkemmin.<\/p>","protected":false},"featured_media":30846,"template":"","meta":[],"_links":{"self":[{"href":"https:\/\/www.radiomarket.fi\/en\/wp-json\/wp\/v2\/product\/18580"}],"collection":[{"href":"https:\/\/www.radiomarket.fi\/en\/wp-json\/wp\/v2\/product"}],"about":[{"href":"https:\/\/www.radiomarket.fi\/en\/wp-json\/wp\/v2\/types\/product"}],"wp:featuredmedia":[{"embeddable":true,"href":"https:\/\/www.radiomarket.fi\/en\/wp-json\/wp\/v2\/media\/30846"}],"wp:attachment":[{"href":"https:\/\/www.radiomarket.fi\/en\/wp-json\/wp\/v2\/media?parent=18580"}],"curies":[{"name":"wp","href":"https:\/\/api.w.org\/{rel}","templated":true}]}}