{"id":18590,"date":"2024-10-16T12:03:50","date_gmt":"2024-10-16T09:03:50","guid":{"rendered":"https:\/\/www.radiomarket.fi\/tuote\/ekua9811-veb-intimo-5440-sonneberg\/"},"modified":"2024-10-16T13:06:50","modified_gmt":"2024-10-16T10:06:50","slug":"ekua9811-veb-intimo-5440-sonneberg","status":"publish","type":"product","link":"https:\/\/www.radiomarket.fi\/en\/kohde\/ekua9811-veb-intimo-5440-sonneberg\/","title":{"rendered":"EKUA9811 VEB Intimo 5440 Sonneberg puretaan (EKUM)"},"content":{"rendered":"<p>Kotelo laseineen purettu varaosaksi. Ei putkia. Ei nuppeja. Kotelossa oli lakkavikaa. Puuvikoja, nupin heloja puuttuu, teipattukin viilua, virtajohto poikki.<br \/><br \/>J\u00e4ljell\u00e4 seuraavat osat: putketon koneisto, etukaiutinelementti, takalevy, kaiutinelementin likaantunut suojakangas ja kaiuttimen asennuslevy sek\u00e4 p\u00e4\u00e4temuuntaja.<\/p><p>Ei testattu eik\u00e4 tutkittu tarkemmin.<\/p>","protected":false},"excerpt":{"rendered":"<p>Kotelo laseineen purettu varaosaksi. Ei putkia. Ei nuppeja. Kotelossa oli lakkavikaa. Puuvikoja, nupin heloja puuttuu, teipattukin viilua, virtajohto poikki.J\u00e4ljell\u00e4 seuraavat osat: putketon koneisto, etukaiutinelementti, takalevy, kaiutinelementin likaantunut suojakangas ja kaiuttimen asennuslevy sek\u00e4 p\u00e4\u00e4temuuntaja.Ei testattu eik\u00e4 tutkittu tarkemmin.<\/p>","protected":false},"featured_media":45061,"template":"","meta":[],"_links":{"self":[{"href":"https:\/\/www.radiomarket.fi\/en\/wp-json\/wp\/v2\/product\/18590"}],"collection":[{"href":"https:\/\/www.radiomarket.fi\/en\/wp-json\/wp\/v2\/product"}],"about":[{"href":"https:\/\/www.radiomarket.fi\/en\/wp-json\/wp\/v2\/types\/product"}],"wp:featuredmedia":[{"embeddable":true,"href":"https:\/\/www.radiomarket.fi\/en\/wp-json\/wp\/v2\/media\/45061"}],"wp:attachment":[{"href":"https:\/\/www.radiomarket.fi\/en\/wp-json\/wp\/v2\/media?parent=18590"}],"curies":[{"name":"wp","href":"https:\/\/api.w.org\/{rel}","templated":true}]}}