{"id":18620,"date":"2020-10-05T11:03:57","date_gmt":"2020-10-05T08:03:57","guid":{"rendered":"https:\/\/www.radiomarket.fi\/tuote\/ekua9726-torotorprahn-kelarunkoja\/"},"modified":"2025-11-20T17:09:53","modified_gmt":"2025-11-20T15:09:53","slug":"ekua9726-torotorprahn-kelarunkoja","status":"publish","type":"product","link":"https:\/\/www.radiomarket.fi\/en\/kohde\/ekua9726-torotorprahn-kelarunkoja\/","title":{"rendered":"EKUA9726 Torotor kelarunko lyhytaalloille (EKUS)"},"content":{"rendered":"<p>Torotor -kelarunko lyhytaalloille. 20 kierrett\u00e4. K\u00e4ytettyj\u00e4. Kaikissa ei kelasyd\u00e4mi\u00e4 j\u00e4ljell\u00e4, myyd\u00e4\u00e4n paremmuusj\u00e4rjestyksess\u00e4.<\/p>","protected":false},"excerpt":{"rendered":"<p>Kirjetoimitustuotteita kannattaa tilata kerralla useampiakin, yksi lis\u00e4tuote lis\u00e4\u00e4 postikulua vain 10 sentill\u00e4 (tilanne 6\/2024, voi muuttua)<\/p>","protected":false},"featured_media":26133,"template":"","meta":[],"_links":{"self":[{"href":"https:\/\/www.radiomarket.fi\/en\/wp-json\/wp\/v2\/product\/18620"}],"collection":[{"href":"https:\/\/www.radiomarket.fi\/en\/wp-json\/wp\/v2\/product"}],"about":[{"href":"https:\/\/www.radiomarket.fi\/en\/wp-json\/wp\/v2\/types\/product"}],"wp:featuredmedia":[{"embeddable":true,"href":"https:\/\/www.radiomarket.fi\/en\/wp-json\/wp\/v2\/media\/26133"}],"wp:attachment":[{"href":"https:\/\/www.radiomarket.fi\/en\/wp-json\/wp\/v2\/media?parent=18620"}],"curies":[{"name":"wp","href":"https:\/\/api.w.org\/{rel}","templated":true}]}}