{"id":18624,"date":"2024-06-13T11:03:58","date_gmt":"2024-06-13T08:03:58","guid":{"rendered":"https:\/\/www.radiomarket.fi\/tuote\/ekua9722-salora-safir\/"},"modified":"2025-08-25T11:05:56","modified_gmt":"2025-08-25T08:05:56","slug":"ekua9722-salora-safir","status":"publish","type":"product","link":"https:\/\/www.radiomarket.fi\/en\/kohde\/ekua9722-salora-safir\/","title":{"rendered":"EKUA9722 Salora Safir asteikkolasi (EKUS)"},"content":{"rendered":"<p>Harmaa, katso my\u00f6s EKUA9719.<\/p>","protected":false},"excerpt":{"rendered":"<p>Kirjetoimitustuotteita kannattaa tilata kerralla useampiakin, yksi lis\u00e4tuote lis\u00e4\u00e4 postikulua vain 10 sentill\u00e4 (tilanne 6\/2024, voi muuttua)<\/p>","protected":false},"featured_media":36369,"template":"","meta":[],"_links":{"self":[{"href":"https:\/\/www.radiomarket.fi\/en\/wp-json\/wp\/v2\/product\/18624"}],"collection":[{"href":"https:\/\/www.radiomarket.fi\/en\/wp-json\/wp\/v2\/product"}],"about":[{"href":"https:\/\/www.radiomarket.fi\/en\/wp-json\/wp\/v2\/types\/product"}],"wp:featuredmedia":[{"embeddable":true,"href":"https:\/\/www.radiomarket.fi\/en\/wp-json\/wp\/v2\/media\/36369"}],"wp:attachment":[{"href":"https:\/\/www.radiomarket.fi\/en\/wp-json\/wp\/v2\/media?parent=18624"}],"curies":[{"name":"wp","href":"https:\/\/api.w.org\/{rel}","templated":true}]}}