{"id":18625,"date":"2020-10-05T11:03:58","date_gmt":"2020-10-05T08:03:58","guid":{"rendered":"https:\/\/www.radiomarket.fi\/tuote\/ekua9721-fennophilips-fx-517-01\/"},"modified":"2023-01-13T11:35:30","modified_gmt":"2023-01-13T09:35:30","slug":"ekua9721-fennophilips-fx-517-01","status":"publish","type":"product","link":"https:\/\/www.radiomarket.fi\/en\/kohde\/ekua9721-fennophilips-fx-517-01\/","title":{"rendered":"EKUA9721 Fenno; Philips FX 517 01 (EKUS)"},"content":{"rendered":"<p>Musta, sopivuus lasin koodin perusteella malleihin Fenno F266V \/ Fenno Kaiku 56V.<\/p>","protected":false},"excerpt":{"rendered":"<p>Suosittelemme asteikkolaseille s\u00e4rkyv\u00e4-lis\u00e4palvelua (ostettavissa tuotteena)<\/p>","protected":false},"featured_media":36663,"template":"","meta":[],"_links":{"self":[{"href":"https:\/\/www.radiomarket.fi\/en\/wp-json\/wp\/v2\/product\/18625"}],"collection":[{"href":"https:\/\/www.radiomarket.fi\/en\/wp-json\/wp\/v2\/product"}],"about":[{"href":"https:\/\/www.radiomarket.fi\/en\/wp-json\/wp\/v2\/types\/product"}],"wp:featuredmedia":[{"embeddable":true,"href":"https:\/\/www.radiomarket.fi\/en\/wp-json\/wp\/v2\/media\/36663"}],"wp:attachment":[{"href":"https:\/\/www.radiomarket.fi\/en\/wp-json\/wp\/v2\/media?parent=18625"}],"curies":[{"name":"wp","href":"https:\/\/api.w.org\/{rel}","templated":true}]}}