{"id":18667,"date":"2020-10-05T11:04:10","date_gmt":"2020-10-05T08:04:10","guid":{"rendered":"https:\/\/www.radiomarket.fi\/tuote\/ekua9672-hitachi-trk-8190\/"},"modified":"2021-12-08T14:15:12","modified_gmt":"2021-12-08T12:15:12","slug":"ekua9672-hitachi-trk-8190","status":"publish","type":"product","link":"https:\/\/www.radiomarket.fi\/en\/kohde\/ekua9672-hitachi-trk-8190\/","title":{"rendered":"EKUA9672 Hitachi TRK-8190 (EKUM)"},"content":{"rendered":"<p>SW LW MW FM. Ep\u00e4siisti, mutta vaikuttaa kokonaiselta, paristot vuotaneet sis\u00e4\u00e4n. Kasettiluukku ei aukea.<\/p>","protected":false},"excerpt":{"rendered":"<p>SW LW MW FM. Ep\u00e4siisti, mutta vaikuttaa kokonaiselta, paristot vuotaneet sis\u00e4\u00e4n. Kasettiluukku ei aukea.<\/p>","protected":false},"featured_media":25564,"template":"","meta":[],"_links":{"self":[{"href":"https:\/\/www.radiomarket.fi\/en\/wp-json\/wp\/v2\/product\/18667"}],"collection":[{"href":"https:\/\/www.radiomarket.fi\/en\/wp-json\/wp\/v2\/product"}],"about":[{"href":"https:\/\/www.radiomarket.fi\/en\/wp-json\/wp\/v2\/types\/product"}],"wp:featuredmedia":[{"embeddable":true,"href":"https:\/\/www.radiomarket.fi\/en\/wp-json\/wp\/v2\/media\/25564"}],"wp:attachment":[{"href":"https:\/\/www.radiomarket.fi\/en\/wp-json\/wp\/v2\/media?parent=18667"}],"curies":[{"name":"wp","href":"https:\/\/api.w.org\/{rel}","templated":true}]}}