{"id":18670,"date":"2020-10-05T11:04:10","date_gmt":"2020-10-05T08:04:10","guid":{"rendered":"https:\/\/www.radiomarket.fi\/tuote\/ekua9667-tuntematon-kela\/"},"modified":"2024-06-13T22:25:46","modified_gmt":"2024-06-13T19:25:46","slug":"ekua9667-tuntematon-kela","status":"publish","type":"product","link":"https:\/\/www.radiomarket.fi\/en\/kohde\/ekua9667-tuntematon-kela\/","title":{"rendered":"EKUA9667 Hunajakellokela erilaisia (EKUM)"},"content":{"rendered":"<p>Erilaisia hunajakennokeloja 2-piiriseen radioon, tilaa haluamasi s\u00e4hk\u00f6postitse.<br \/><br \/>Kuvassa kyn\u00e4 ja tikkuaski koon havainnollistamiseksi.<\/p>","protected":false},"excerpt":{"rendered":"<p>Erilaisia hunajakennokeloja 2-piiriseen radioon, tilaa haluamasi s\u00e4hk\u00f6postitse.Kuvassa kyn\u00e4 ja tikkuaski koon havainnollistamiseksi.<\/p>","protected":false},"featured_media":37564,"template":"","meta":[],"_links":{"self":[{"href":"https:\/\/www.radiomarket.fi\/en\/wp-json\/wp\/v2\/product\/18670"}],"collection":[{"href":"https:\/\/www.radiomarket.fi\/en\/wp-json\/wp\/v2\/product"}],"about":[{"href":"https:\/\/www.radiomarket.fi\/en\/wp-json\/wp\/v2\/types\/product"}],"wp:featuredmedia":[{"embeddable":true,"href":"https:\/\/www.radiomarket.fi\/en\/wp-json\/wp\/v2\/media\/37564"}],"wp:attachment":[{"href":"https:\/\/www.radiomarket.fi\/en\/wp-json\/wp\/v2\/media?parent=18670"}],"curies":[{"name":"wp","href":"https:\/\/api.w.org\/{rel}","templated":true}]}}