{"id":18675,"date":"2025-09-18T11:04:11","date_gmt":"2025-09-18T08:04:11","guid":{"rendered":"https:\/\/www.radiomarket.fi\/tuote\/ekua9663-salora-riviera\/"},"modified":"2025-09-19T06:25:47","modified_gmt":"2025-09-19T03:25:47","slug":"ekua9663-salora-riviera","status":"publish","type":"product","link":"https:\/\/www.radiomarket.fi\/en\/kohde\/ekua9663-salora-riviera\/","title":{"rendered":"EKUA9663 Salora Riviera kotelo, antenni ja listat puretaan"},"content":{"rendered":"<p>Ensimm\u00e4isen sarjan Riviera, jonka takalevyyn joku kirjoittanut \u201dSalora -55\u201d. Puretaan. Tilaa tarvitsemasi osat s\u00e4hk\u00f6postitse.<br \/><br \/><strong>J\u00e4ljell\u00e4 seuraavat osat:\u00a0<\/strong> huonohko puukotelo, jossa j\u00e4ljell\u00e4 edustalla kangasta kiert\u00e4v\u00e4 lista ja oikeanpuoleisen kaiutinritil\u00e4n ymp\u00e4rill\u00e4 oleva lista, sek\u00e4 kotelossa kiinni oleva antenni. Muut listat myyty. <br \/><br \/>J\u00e4ljell\u00e4 on ollut my\u00f6s kaiutinelementti, jonka reik\u00e4v\u00e4li 21,5 cm x 13,5 cm, mutta se on irrotettu kangasta myyt\u00e4ess\u00e4 ja mahdollisesti luetteloitu uudelleen irtokaiutinten joukkoon (kts. kaiuttimet-kategoria).\u00a0<br \/><br \/><strong>Ainakin seuraavat osat purettu:<\/strong><br \/>Salora-merkki puuttuu. Listojen koristeosat (&#8220;koristenatsat&#8221;) puuttuvat. Ei kangasta.<br \/>Ei putkia. Ei takalevy\u00e4. Ei kaiutinritil\u00f6it\u00e4. Ei kulmakaiuttimia. Ei isompia eik\u00e4 pienempi\u00e4 nuppeja (kuvassa n\u00e4kyv\u00e4t isot nupit myyty). Ei pohjalevy\u00e4. Alalista myyty. Ei ULA-purkin narupy\u00f6r\u00e4\u00e4. Loppu koneisto, s\u00e4vyns\u00e4\u00e4t\u00f6nupit, painonapit ja asteikkolasi (ei priima) myyty kuvien ottamisen j\u00e4lkeen. Asteikkolasin mitat 10 x 48 cm ja nuppien keskikohtien v\u00e4li 32,5cm. ULA-purkissa koodi 8001\/2.<\/p>","protected":false},"excerpt":{"rendered":"<p>Ensimm\u00e4isen sarjan Riviera, jonka takalevyyn joku kirjoittanut \u201dSalora -55\u201d. Puretaan. Tilaa tarvitsemasi osat s\u00e4hk\u00f6postitse.J\u00e4ljell\u00e4 seuraavat osat:\u00a0 huonohko puukotelo, jossa j\u00e4ljell\u00e4 edustalla kangasta kiert\u00e4v\u00e4 lista ja oikeanpuoleisen kaiutinritil\u00e4n ymp\u00e4rill\u00e4 oleva lista, sek\u00e4 kotelossa kiinni oleva antenni. Muut listat myyty. J\u00e4ljell\u00e4 on ollut my\u00f6s kaiutinelementti, jonka reik\u00e4v\u00e4li 21,5 cm x 13,5 cm, mutta se on irrotettu kangasta &hellip;<\/p>\n<p class=\"read-more\"> <a class=\"thunk-readmore button\" href=\"https:\/\/www.radiomarket.fi\/en\/kohde\/ekua9663-salora-riviera\/\"> <span class=\"screen-reader-text\">EKUA9663 Salora Riviera kotelo, antenni ja listat puretaan<\/span>Read More<\/a><\/p>","protected":false},"featured_media":28089,"template":"","meta":[],"_links":{"self":[{"href":"https:\/\/www.radiomarket.fi\/en\/wp-json\/wp\/v2\/product\/18675"}],"collection":[{"href":"https:\/\/www.radiomarket.fi\/en\/wp-json\/wp\/v2\/product"}],"about":[{"href":"https:\/\/www.radiomarket.fi\/en\/wp-json\/wp\/v2\/types\/product"}],"wp:featuredmedia":[{"embeddable":true,"href":"https:\/\/www.radiomarket.fi\/en\/wp-json\/wp\/v2\/media\/28089"}],"wp:attachment":[{"href":"https:\/\/www.radiomarket.fi\/en\/wp-json\/wp\/v2\/media?parent=18675"}],"curies":[{"name":"wp","href":"https:\/\/api.w.org\/{rel}","templated":true}]}}