{"id":18677,"date":"2020-10-05T11:04:11","date_gmt":"2020-10-05T08:04:11","guid":{"rendered":"https:\/\/www.radiomarket.fi\/tuote\/ekua9661-ericsson-poytapuhelin\/"},"modified":"2020-10-05T11:04:11","modified_gmt":"2020-10-05T08:04:11","slug":"ekua9661-ericsson-poytapuhelin","status":"publish","type":"product","link":"https:\/\/www.radiomarket.fi\/en\/kohde\/ekua9661-ericsson-poytapuhelin\/","title":{"rendered":"EKUA9661 Ericsson P\u00f6yt\u00e4puhelin"},"content":{"rendered":"Musta puhelin, puhelinverkkoon liitett\u00e4v\u00e4 johto puuttuu. Pohjan verkko puuttuu, mutta tassut j\u00e4ljell\u00e4.","protected":false},"excerpt":{"rendered":"<p>Musta puhelin, puhelinverkkoon liitett\u00e4v\u00e4 johto puuttuu. Pohjan verkko puuttuu, mutta tassut j\u00e4ljell\u00e4.<\/p>","protected":false},"featured_media":0,"template":"","meta":[],"_links":{"self":[{"href":"https:\/\/www.radiomarket.fi\/en\/wp-json\/wp\/v2\/product\/18677"}],"collection":[{"href":"https:\/\/www.radiomarket.fi\/en\/wp-json\/wp\/v2\/product"}],"about":[{"href":"https:\/\/www.radiomarket.fi\/en\/wp-json\/wp\/v2\/types\/product"}],"wp:attachment":[{"href":"https:\/\/www.radiomarket.fi\/en\/wp-json\/wp\/v2\/media?parent=18677"}],"curies":[{"name":"wp","href":"https:\/\/api.w.org\/{rel}","templated":true}]}}