{"id":18693,"date":"2020-10-05T11:04:16","date_gmt":"2020-10-05T08:04:16","guid":{"rendered":"https:\/\/www.radiomarket.fi\/tuote\/ekua9640-connexion-wave\/"},"modified":"2020-10-05T11:04:16","modified_gmt":"2020-10-05T08:04:16","slug":"ekua9640-connexion-wave","status":"publish","type":"product","link":"https:\/\/www.radiomarket.fi\/en\/kohde\/ekua9640-connexion-wave\/","title":{"rendered":"EKUA9640 Connexion Wave"},"content":{"rendered":"P\u00f6yt\u00e4mallin lankapuhelin, muotoiltu aalloksi. Kellastunut. Liimattu pari h\u00e4t\u00e4numerotarraa.","protected":false},"excerpt":{"rendered":"<p>P\u00f6yt\u00e4mallin lankapuhelin, muotoiltu aalloksi. Kellastunut. Liimattu pari h\u00e4t\u00e4numerotarraa.<\/p>","protected":false},"featured_media":0,"template":"","meta":[],"_links":{"self":[{"href":"https:\/\/www.radiomarket.fi\/en\/wp-json\/wp\/v2\/product\/18693"}],"collection":[{"href":"https:\/\/www.radiomarket.fi\/en\/wp-json\/wp\/v2\/product"}],"about":[{"href":"https:\/\/www.radiomarket.fi\/en\/wp-json\/wp\/v2\/types\/product"}],"wp:attachment":[{"href":"https:\/\/www.radiomarket.fi\/en\/wp-json\/wp\/v2\/media?parent=18693"}],"curies":[{"name":"wp","href":"https:\/\/api.w.org\/{rel}","templated":true}]}}