{"id":18696,"date":"2020-10-05T11:04:16","date_gmt":"2020-10-05T08:04:16","guid":{"rendered":"https:\/\/www.radiomarket.fi\/tuote\/ekua9636-erifonet-erifonet-2\/"},"modified":"2021-11-23T15:01:21","modified_gmt":"2021-11-23T13:01:21","slug":"ekua9636-erifonet-erifonet-2","status":"publish","type":"product","link":"https:\/\/www.radiomarket.fi\/en\/kohde\/ekua9636-erifonet-erifonet-2\/","title":{"rendered":"EKUA9636 Erifonet Erifonet 2 (EKUM)"},"content":{"rendered":"<p>Lankapuhelin, sein\u00e4kiinnityksell\u00e4. Taakse tussattu. Mukana k\u00e4ytt\u00f6ohje.<\/p>","protected":false},"excerpt":{"rendered":"<p>Lankapuhelin, sein\u00e4kiinnityksell\u00e4. Taakse tussattu. Mukana k\u00e4ytt\u00f6ohje.<\/p>","protected":false},"featured_media":29557,"template":"","meta":[],"_links":{"self":[{"href":"https:\/\/www.radiomarket.fi\/en\/wp-json\/wp\/v2\/product\/18696"}],"collection":[{"href":"https:\/\/www.radiomarket.fi\/en\/wp-json\/wp\/v2\/product"}],"about":[{"href":"https:\/\/www.radiomarket.fi\/en\/wp-json\/wp\/v2\/types\/product"}],"wp:featuredmedia":[{"embeddable":true,"href":"https:\/\/www.radiomarket.fi\/en\/wp-json\/wp\/v2\/media\/29557"}],"wp:attachment":[{"href":"https:\/\/www.radiomarket.fi\/en\/wp-json\/wp\/v2\/media?parent=18696"}],"curies":[{"name":"wp","href":"https:\/\/api.w.org\/{rel}","templated":true}]}}