{"id":18702,"date":"2020-10-05T11:04:17","date_gmt":"2020-10-05T08:04:17","guid":{"rendered":"https:\/\/www.radiomarket.fi\/tuote\/ekua9630-philips-memomatic-23-tsf-293-a\/"},"modified":"2022-04-08T21:57:13","modified_gmt":"2022-04-08T18:57:13","slug":"ekua9630-philips-memomatic-23-tsf-293-a","status":"publish","type":"product","link":"https:\/\/www.radiomarket.fi\/en\/kohde\/ekua9630-philips-memomatic-23-tsf-293-a\/","title":{"rendered":"EKUA9630 Philips Memomatic 23 TSF 293 A (EKUS)"},"content":{"rendered":"<p>\u201dNahkatakki\u201d. Kokonainen televisio vain noutomyyntin\u00e4 tai toimitus erikseen sovittaessa. Varaosia voidaan tapauskohtaisesti purkaa ja myyd\u00e4 my\u00f6s postimyyntin\u00e4.<\/p>","protected":false},"excerpt":{"rendered":"<p>\u201dNahkatakki\u201d. Kokonainen televisio vain noutomyyntin\u00e4 tai toimitus erikseen sovittaessa. Varaosia voidaan tapauskohtaisesti purkaa ja myyd\u00e4 my\u00f6s postimyyntin\u00e4.<\/p>","protected":false},"featured_media":0,"template":"","meta":[],"_links":{"self":[{"href":"https:\/\/www.radiomarket.fi\/en\/wp-json\/wp\/v2\/product\/18702"}],"collection":[{"href":"https:\/\/www.radiomarket.fi\/en\/wp-json\/wp\/v2\/product"}],"about":[{"href":"https:\/\/www.radiomarket.fi\/en\/wp-json\/wp\/v2\/types\/product"}],"wp:attachment":[{"href":"https:\/\/www.radiomarket.fi\/en\/wp-json\/wp\/v2\/media?parent=18702"}],"curies":[{"name":"wp","href":"https:\/\/api.w.org\/{rel}","templated":true}]}}