{"id":18706,"date":"2020-10-05T11:04:18","date_gmt":"2020-10-05T08:04:18","guid":{"rendered":"https:\/\/www.radiomarket.fi\/tuote\/ekua9626x-philips-pfc-20-14-9061-140-20149\/"},"modified":"2021-03-11T14:47:25","modified_gmt":"2021-03-11T12:47:25","slug":"ekua9626x-philips-pfc-20-14-9061-140-20149","status":"publish","type":"product","link":"https:\/\/www.radiomarket.fi\/en\/kohde\/ekua9626x-philips-pfc-20-14-9061-140-20149\/","title":{"rendered":"EKUA9626x Philips PFC-20\/14 9061 140 20149"},"content":{"rendered":"<p>Siisti, mukana paperinsy\u00f6tt\u00f6levyj\u00e4 jotka sopivat t\u00e4h\u00e4n tai tuotteeseen EKUA9626. Tassut sulavat, j\u00e4tt\u00e4\u00e4 m\u00f6nj\u00e4\u00e4 pintoihin.<\/p>","protected":false},"excerpt":{"rendered":"<p>IF Design Award 1991.<\/p>","protected":false},"featured_media":26498,"template":"","meta":[],"_links":{"self":[{"href":"https:\/\/www.radiomarket.fi\/en\/wp-json\/wp\/v2\/product\/18706"}],"collection":[{"href":"https:\/\/www.radiomarket.fi\/en\/wp-json\/wp\/v2\/product"}],"about":[{"href":"https:\/\/www.radiomarket.fi\/en\/wp-json\/wp\/v2\/types\/product"}],"wp:featuredmedia":[{"embeddable":true,"href":"https:\/\/www.radiomarket.fi\/en\/wp-json\/wp\/v2\/media\/26498"}],"wp:attachment":[{"href":"https:\/\/www.radiomarket.fi\/en\/wp-json\/wp\/v2\/media?parent=18706"}],"curies":[{"name":"wp","href":"https:\/\/api.w.org\/{rel}","templated":true}]}}