{"id":18712,"date":"2026-02-18T11:04:19","date_gmt":"2026-02-18T09:04:19","guid":{"rendered":"https:\/\/www.radiomarket.fi\/tuote\/ekua9619-barthelme-asteikkolamppu\/"},"modified":"2026-04-07T17:04:22","modified_gmt":"2026-04-07T14:04:22","slug":"ekua9619-barthelme-asteikkolamppu","status":"publish","type":"product","link":"https:\/\/www.radiomarket.fi\/en\/kohde\/ekua9619-barthelme-asteikkolamppu\/","title":{"rendered":"EKUA9619 Barthelme asteikkolamppu 10x28mm E10 7V 0.3A (EKUS)"},"content":{"rendered":"<p>10x28mm, E10 7V 0.3A<\/p>","protected":false},"excerpt":{"rendered":"<p>Kirjetoimitusluokan tuotteita samaan tilaukseen yhdistett\u00e4ess\u00e4 lis\u00e4tuotteet nostavat perustoimituskulua vain joitakin kymmeni\u00e4 senttej\u00e4 (vuoden 2024 postin hinnoittelun mukaan).<\/p>","protected":false},"featured_media":30559,"template":"","meta":[],"_links":{"self":[{"href":"https:\/\/www.radiomarket.fi\/en\/wp-json\/wp\/v2\/product\/18712"}],"collection":[{"href":"https:\/\/www.radiomarket.fi\/en\/wp-json\/wp\/v2\/product"}],"about":[{"href":"https:\/\/www.radiomarket.fi\/en\/wp-json\/wp\/v2\/types\/product"}],"wp:featuredmedia":[{"embeddable":true,"href":"https:\/\/www.radiomarket.fi\/en\/wp-json\/wp\/v2\/media\/30559"}],"wp:attachment":[{"href":"https:\/\/www.radiomarket.fi\/en\/wp-json\/wp\/v2\/media?parent=18712"}],"curies":[{"name":"wp","href":"https:\/\/api.w.org\/{rel}","templated":true}]}}