{"id":18713,"date":"2020-10-05T11:04:20","date_gmt":"2020-10-05T08:04:20","guid":{"rendered":"https:\/\/www.radiomarket.fi\/tuote\/ekua9618-teleste-fcc-051\/"},"modified":"2024-06-13T22:56:00","modified_gmt":"2024-06-13T19:56:00","slug":"ekua9618-teleste-fcc-051","status":"publish","type":"product","link":"https:\/\/www.radiomarket.fi\/en\/kohde\/ekua9618-teleste-fcc-051\/","title":{"rendered":"EKUA9618 Teleste FCC 051 F-liitin (EKUM)"},"content":{"rendered":"<p>Puristettava. Hinta kappaleelta.<br \/><br \/><\/p><div class=\"row\"><div class=\"col-sm-5 Title\"><strong>S\u00e4hk\u00f6numero:<\/strong> 75 349 89<\/div><\/div><div class=\"row\"><div class=\"col-sm-7 Content\"><strong>Tekninen nimi:<\/strong> FCC 051 AJCS 75-5<\/div><\/div><div class=\"row\"><div class=\"col-sm-5 Title\"><strong>GTIN-koodi:<\/strong> 6410075349890<\/div><\/div>","protected":false},"excerpt":{"rendered":"<p>Kirjetoimitustuotteita kannattaa tilata kerralla useampiakin, yksi lis\u00e4tuote lis\u00e4\u00e4 postikulua vain 10 sentill\u00e4 (tilanne 6\/2024, voi muuttua)<\/p>","protected":false},"featured_media":30555,"template":"","meta":[],"_links":{"self":[{"href":"https:\/\/www.radiomarket.fi\/en\/wp-json\/wp\/v2\/product\/18713"}],"collection":[{"href":"https:\/\/www.radiomarket.fi\/en\/wp-json\/wp\/v2\/product"}],"about":[{"href":"https:\/\/www.radiomarket.fi\/en\/wp-json\/wp\/v2\/types\/product"}],"wp:featuredmedia":[{"embeddable":true,"href":"https:\/\/www.radiomarket.fi\/en\/wp-json\/wp\/v2\/media\/30555"}],"wp:attachment":[{"href":"https:\/\/www.radiomarket.fi\/en\/wp-json\/wp\/v2\/media?parent=18713"}],"curies":[{"name":"wp","href":"https:\/\/api.w.org\/{rel}","templated":true}]}}