{"id":18717,"date":"2020-10-05T11:04:20","date_gmt":"2020-10-05T08:04:20","guid":{"rendered":"https:\/\/www.radiomarket.fi\/tuote\/ekua9613-sankyo-304-sn-d\/"},"modified":"2023-08-13T14:43:56","modified_gmt":"2023-08-13T11:43:56","slug":"ekua9613-sankyo-304-sn-d","status":"publish","type":"product","link":"https:\/\/www.radiomarket.fi\/en\/kohde\/ekua9613-sankyo-304-sn-d\/","title":{"rendered":"EKUA9613 Sankyo 304 SN D s\u00e4hk\u00f6inen l\u00e4pp\u00e4kello (EKUM)"},"content":{"rendered":"<p>N\u00e4ytt\u00f6 oranssein numeroin. Vasemmassa sivussa kierrett\u00e4v\u00e4 musta kaksoisvalitsin, takana her\u00e4tyksen valitsin, p\u00e4\u00e4ll\u00e4 painettava nappula. Her\u00e4tys surisee kun kellonaikaa s\u00e4\u00e4t\u00e4\u00e4 manuaalisesti, mutta kelloa ei viel\u00e4 saatu &#8220;k\u00e4ym\u00e4\u00e4n&#8221;. Haluttu l\u00e4pp\u00e4p\u00f6yt\u00e4kello.<\/p>\r\n\r\nFlip clock Sanky\u00f6 304 SN D. Needs service.","protected":false},"excerpt":{"rendered":"<p>N\u00e4ytt\u00f6 oranssein numeroin. Vasemmassa sivussa kierrett\u00e4v\u00e4 musta kaksoisvalitsin, takana her\u00e4tyksen valitsin, p\u00e4\u00e4ll\u00e4 painettava nappula. Her\u00e4tys surisee kun kellonaikaa s\u00e4\u00e4t\u00e4\u00e4 manuaalisesti, mutta kelloa ei viel\u00e4 saatu &#8220;k\u00e4ym\u00e4\u00e4n&#8221;. Haluttu l\u00e4pp\u00e4p\u00f6yt\u00e4kello. Flip clock Sanky\u00f6 304 SN D. Needs service.<\/p>","protected":false},"featured_media":30531,"template":"","meta":[],"_links":{"self":[{"href":"https:\/\/www.radiomarket.fi\/en\/wp-json\/wp\/v2\/product\/18717"}],"collection":[{"href":"https:\/\/www.radiomarket.fi\/en\/wp-json\/wp\/v2\/product"}],"about":[{"href":"https:\/\/www.radiomarket.fi\/en\/wp-json\/wp\/v2\/types\/product"}],"wp:featuredmedia":[{"embeddable":true,"href":"https:\/\/www.radiomarket.fi\/en\/wp-json\/wp\/v2\/media\/30531"}],"wp:attachment":[{"href":"https:\/\/www.radiomarket.fi\/en\/wp-json\/wp\/v2\/media?parent=18717"}],"curies":[{"name":"wp","href":"https:\/\/api.w.org\/{rel}","templated":true}]}}