{"id":18732,"date":"2024-06-15T11:04:24","date_gmt":"2024-06-15T08:04:24","guid":{"rendered":"https:\/\/www.radiomarket.fi\/tuote\/ekua9542-asa-1076tm\/"},"modified":"2024-06-17T08:08:44","modified_gmt":"2024-06-17T05:08:44","slug":"ekua9542-asa-1076tm","status":"publish","type":"product","link":"https:\/\/www.radiomarket.fi\/en\/kohde\/ekua9542-asa-1076tm\/","title":{"rendered":"EKUA9542 Asa 1076TM PURETAAN"},"content":{"rendered":"<p>Kotimaisen matkaradion ruostunut raato. Ei kuoria eik\u00e4 kantokahvaa. Asteikkolasi, kova\u00e4\u00e4ninen, painikkeet (5-nappulainen malli) ja s\u00e4\u00e4t\u00f6nupit tallella, sek\u00e4 osa komponenteista. Pahoin ruostunut. Hinta kokonaisuudelta.<\/p>","protected":false},"excerpt":{"rendered":"<p>Kotimaisen matkaradion ruostunut raato. Ei kuoria eik\u00e4 kantokahvaa. Asteikkolasi, kova\u00e4\u00e4ninen, painikkeet (5-nappulainen malli) ja s\u00e4\u00e4t\u00f6nupit tallella, sek\u00e4 osa komponenteista. Pahoin ruostunut. Hinta kokonaisuudelta.<\/p>","protected":false},"featured_media":26197,"template":"","meta":[],"_links":{"self":[{"href":"https:\/\/www.radiomarket.fi\/en\/wp-json\/wp\/v2\/product\/18732"}],"collection":[{"href":"https:\/\/www.radiomarket.fi\/en\/wp-json\/wp\/v2\/product"}],"about":[{"href":"https:\/\/www.radiomarket.fi\/en\/wp-json\/wp\/v2\/types\/product"}],"wp:featuredmedia":[{"embeddable":true,"href":"https:\/\/www.radiomarket.fi\/en\/wp-json\/wp\/v2\/media\/26197"}],"wp:attachment":[{"href":"https:\/\/www.radiomarket.fi\/en\/wp-json\/wp\/v2\/media?parent=18732"}],"curies":[{"name":"wp","href":"https:\/\/api.w.org\/{rel}","templated":true}]}}