{"id":18735,"date":"2024-03-23T10:04:25","date_gmt":"2024-03-23T08:04:25","guid":{"rendered":"https:\/\/www.radiomarket.fi\/tuote\/ekua9539-fenno-putkiradio\/"},"modified":"2024-05-14T17:32:20","modified_gmt":"2024-05-14T14:32:20","slug":"ekua9539-fenno-putkiradio","status":"publish","type":"product","link":"https:\/\/www.radiomarket.fi\/en\/kohde\/ekua9539-fenno-putkiradio\/","title":{"rendered":"EKUA9539 Fenno Sointu puretaan (EKUM)"},"content":{"rendered":"<p>Vaaleanruskea puukuorinen pieni Fenno, edess\u00e4 yl\u00f6sp\u00e4in suureneva nelikulmainen kangasaukko, kangas tallella mutta pahoin likaantunut. Nupit kokonaiset mutta k\u00e4rsineet, rungossa halkeamia. Paloja ei puutu mutta nuppien keski\u00f6t huono. FNR-logo. Myyd\u00e4\u00e4n kokonaisuutena s\u00e4\u00e4t\u00f6kondensaattorin ja logon hinnalla.<\/p><p>Ilmeisesti Fenno Jehu F212TV oli saman koneen bakeliittiversio ja so. samaa chassista olisi k\u00e4ytetty mm. mallissa Philips 290U.<\/p><p>Pinta pahoin kulunut. <br \/><br \/><strong>Ainakin seuraavat osat puuttuvat:<\/strong><br \/>Ei takalevy\u00e4, ei pohjalevy\u00e4 (murentunut). <br \/>Ei asteikkoa. <br \/>Ei lattaliitint\u00e4. <br \/>Metallinen kilpi myyty varaosaksi.<br \/>Kaiutinelementti purettu varaosaksi (l\u00f6ytyy numerolla EKUS1280).<br \/>Putket ja molemmat nupit poistettu kuvien oton j\u00e4lkeen.\u00a0<br \/>Koneistoa paikallaan pit\u00e4v\u00e4 bakeliittinen neli\u00f6 murentunut koneistoa irrotettaessa.<br \/>Ei kuvien antennia.<\/p>","protected":false},"excerpt":{"rendered":"<p>Vaaleanruskea puukuorinen pieni Fenno, edess\u00e4 yl\u00f6sp\u00e4in suureneva nelikulmainen kangasaukko, kangas tallella mutta pahoin likaantunut. Nupit kokonaiset mutta k\u00e4rsineet, rungossa halkeamia. Paloja ei puutu mutta nuppien keski\u00f6t huono. FNR-logo. Myyd\u00e4\u00e4n kokonaisuutena s\u00e4\u00e4t\u00f6kondensaattorin ja logon hinnalla.Ilmeisesti Fenno Jehu F212TV oli saman koneen bakeliittiversio ja so. samaa chassista olisi k\u00e4ytetty mm. mallissa Philips 290U.Pinta pahoin kulunut. Ainakin seuraavat &hellip;<\/p>\n<p class=\"read-more\"> <a class=\"thunk-readmore button\" href=\"https:\/\/www.radiomarket.fi\/en\/kohde\/ekua9539-fenno-putkiradio\/\"> <span class=\"screen-reader-text\">EKUA9539 Fenno Sointu puretaan (EKUM)<\/span>Read More<\/a><\/p>","protected":false},"featured_media":25452,"template":"","meta":[],"_links":{"self":[{"href":"https:\/\/www.radiomarket.fi\/en\/wp-json\/wp\/v2\/product\/18735"}],"collection":[{"href":"https:\/\/www.radiomarket.fi\/en\/wp-json\/wp\/v2\/product"}],"about":[{"href":"https:\/\/www.radiomarket.fi\/en\/wp-json\/wp\/v2\/types\/product"}],"wp:featuredmedia":[{"embeddable":true,"href":"https:\/\/www.radiomarket.fi\/en\/wp-json\/wp\/v2\/media\/25452"}],"wp:attachment":[{"href":"https:\/\/www.radiomarket.fi\/en\/wp-json\/wp\/v2\/media?parent=18735"}],"curies":[{"name":"wp","href":"https:\/\/api.w.org\/{rel}","templated":true}]}}