{"id":18738,"date":"2020-10-05T11:04:26","date_gmt":"2020-10-05T08:04:26","guid":{"rendered":"https:\/\/www.radiomarket.fi\/tuote\/ekua9524-asa-1076tm\/"},"modified":"2020-10-05T11:04:26","modified_gmt":"2020-10-05T08:04:26","slug":"ekua9524-asa-1076tm","status":"publish","type":"product","link":"https:\/\/www.radiomarket.fi\/en\/kohde\/ekua9524-asa-1076tm\/","title":{"rendered":"EKUA9524 Asa 1076TM"},"content":{"rendered":"Kuoret vaaleanruskeaa nahkaa, ylh\u00e4\u00e4lt\u00e4p\u00e4in autoradiota muistuttava Asan matkaradio. Antennit puuttuu, vasemmanpuoleisesta pienest\u00e4 s\u00e4\u00e4t\u00f6nupista puuttuu nahkap\u00e4\u00e4llinen, etumuksen Asa-logo puuttuu. Kaikki asteikon kiinnitysruuvit puuttuu. Asteikko, sanka ja painonapit poistettu.","protected":false},"excerpt":{"rendered":"<p>Kuoret vaaleanruskeaa nahkaa, ylh\u00e4\u00e4lt\u00e4p\u00e4in autoradiota muistuttava Asan matkaradio. Antennit puuttuu, vasemmanpuoleisesta pienest\u00e4 s\u00e4\u00e4t\u00f6nupista puuttuu nahkap\u00e4\u00e4llinen, etumuksen Asa-logo puuttuu. Kaikki asteikon kiinnitysruuvit puuttuu. Asteikko, sanka ja painonapit poistettu.<\/p>","protected":false},"featured_media":0,"template":"","meta":[],"_links":{"self":[{"href":"https:\/\/www.radiomarket.fi\/en\/wp-json\/wp\/v2\/product\/18738"}],"collection":[{"href":"https:\/\/www.radiomarket.fi\/en\/wp-json\/wp\/v2\/product"}],"about":[{"href":"https:\/\/www.radiomarket.fi\/en\/wp-json\/wp\/v2\/types\/product"}],"wp:attachment":[{"href":"https:\/\/www.radiomarket.fi\/en\/wp-json\/wp\/v2\/media?parent=18738"}],"curies":[{"name":"wp","href":"https:\/\/api.w.org\/{rel}","templated":true}]}}