{"id":18739,"date":"2020-10-05T11:04:27","date_gmt":"2020-10-05T08:04:27","guid":{"rendered":"https:\/\/www.radiomarket.fi\/tuote\/ekua9523-philips-pikku-matti-ula-matti-b3sf72u\/"},"modified":"2022-12-28T19:24:32","modified_gmt":"2022-12-28T17:24:32","slug":"ekua9523-philips-pikku-matti-ula-matti-b3sf72u","status":"publish","type":"product","link":"https:\/\/www.radiomarket.fi\/en\/kohde\/ekua9523-philips-pikku-matti-ula-matti-b3sf72u\/","title":{"rendered":"EKUA9523 Asteikkopleksi Philips \u201dPikku-Matti\u201d \/ \u201dULA-Matti\u201d B3SF72U (EKUM)"},"content":{"rendered":"<p>Naarmuja ja halkeama ruuvinrei\u00e4n ymp\u00e4rill\u00e4 mutta muutoin ehj\u00e4. Logo puuttuu.<\/p>","protected":false},"excerpt":{"rendered":"<p>Naarmuja ja halkeama ruuvinrei\u00e4n ymp\u00e4rill\u00e4 mutta muutoin ehj\u00e4. Logo puuttuu.<\/p>","protected":false},"featured_media":36323,"template":"","meta":[],"_links":{"self":[{"href":"https:\/\/www.radiomarket.fi\/en\/wp-json\/wp\/v2\/product\/18739"}],"collection":[{"href":"https:\/\/www.radiomarket.fi\/en\/wp-json\/wp\/v2\/product"}],"about":[{"href":"https:\/\/www.radiomarket.fi\/en\/wp-json\/wp\/v2\/types\/product"}],"wp:featuredmedia":[{"embeddable":true,"href":"https:\/\/www.radiomarket.fi\/en\/wp-json\/wp\/v2\/media\/36323"}],"wp:attachment":[{"href":"https:\/\/www.radiomarket.fi\/en\/wp-json\/wp\/v2\/media?parent=18739"}],"curies":[{"name":"wp","href":"https:\/\/api.w.org\/{rel}","templated":true}]}}