{"id":18744,"date":"2020-10-05T11:04:28","date_gmt":"2020-10-05T08:04:28","guid":{"rendered":"https:\/\/www.radiomarket.fi\/tuote\/ekua9516-blaupunkt-coburg-7631730000\/"},"modified":"2022-04-19T14:17:12","modified_gmt":"2022-04-19T11:17:12","slug":"ekua9516-blaupunkt-coburg-7631730000","status":"publish","type":"product","link":"https:\/\/www.radiomarket.fi\/en\/kohde\/ekua9516-blaupunkt-coburg-7631730000\/","title":{"rendered":"EKUA9516 Blaupunkt Coburg 7631730000"},"content":{"rendered":"<p>12 Volt. P\u00e4\u00e4lle kirjoitettu &#8220;hyvin kuuluu mutta asteikkorumpu ei py\u00f6ri&#8221;. Toinen nuppi puuttuu.<\/p>","protected":false},"excerpt":{"rendered":"<p>12 Volt. P\u00e4\u00e4lle kirjoitettu &#8220;hyvin kuuluu mutta asteikkorumpu ei py\u00f6ri&#8221;. Toinen nuppi puuttuu.<\/p>","protected":false},"featured_media":25595,"template":"","meta":[],"_links":{"self":[{"href":"https:\/\/www.radiomarket.fi\/en\/wp-json\/wp\/v2\/product\/18744"}],"collection":[{"href":"https:\/\/www.radiomarket.fi\/en\/wp-json\/wp\/v2\/product"}],"about":[{"href":"https:\/\/www.radiomarket.fi\/en\/wp-json\/wp\/v2\/types\/product"}],"wp:featuredmedia":[{"embeddable":true,"href":"https:\/\/www.radiomarket.fi\/en\/wp-json\/wp\/v2\/media\/25595"}],"wp:attachment":[{"href":"https:\/\/www.radiomarket.fi\/en\/wp-json\/wp\/v2\/media?parent=18744"}],"curies":[{"name":"wp","href":"https:\/\/api.w.org\/{rel}","templated":true}]}}