{"id":18746,"date":"2020-10-05T11:04:28","date_gmt":"2020-10-05T08:04:28","guid":{"rendered":"https:\/\/www.radiomarket.fi\/tuote\/ekua9513-tuntematon-pohjalevy\/"},"modified":"2020-10-05T11:04:28","modified_gmt":"2020-10-05T08:04:28","slug":"ekua9513-tuntematon-pohjalevy","status":"publish","type":"product","link":"https:\/\/www.radiomarket.fi\/en\/kohde\/ekua9513-tuntematon-pohjalevy\/","title":{"rendered":"EKUA9513 Tuntematon pohjalevy"},"content":{"rendered":"Vanerinen reik\u00e4levy, keskiruskea. Toisella pitk\u00e4ll\u00e4 sivulla kaski loveusta, toisella keskell\u00e4 yksi kiinnitt\u00e4mist\u00e4 varten. Katso my\u00f6s EKUA2626x.","protected":false},"excerpt":{"rendered":"<p>Vanerinen reik\u00e4levy, keskiruskea. Toisella pitk\u00e4ll\u00e4 sivulla kaski loveusta, toisella keskell\u00e4 yksi kiinnitt\u00e4mist\u00e4 varten. Katso my\u00f6s EKUA2626x.<\/p>","protected":false},"featured_media":0,"template":"","meta":[],"_links":{"self":[{"href":"https:\/\/www.radiomarket.fi\/en\/wp-json\/wp\/v2\/product\/18746"}],"collection":[{"href":"https:\/\/www.radiomarket.fi\/en\/wp-json\/wp\/v2\/product"}],"about":[{"href":"https:\/\/www.radiomarket.fi\/en\/wp-json\/wp\/v2\/types\/product"}],"wp:attachment":[{"href":"https:\/\/www.radiomarket.fi\/en\/wp-json\/wp\/v2\/media?parent=18746"}],"curies":[{"name":"wp","href":"https:\/\/api.w.org\/{rel}","templated":true}]}}