{"id":18747,"date":"2024-11-27T11:04:28","date_gmt":"2024-11-27T09:04:28","guid":{"rendered":"https:\/\/www.radiomarket.fi\/tuote\/ekua9512-marvel-9-transistor\/"},"modified":"2024-11-27T13:34:33","modified_gmt":"2024-11-27T11:34:33","slug":"ekua9512-marvel-9-transistor","status":"publish","type":"product","link":"https:\/\/www.radiomarket.fi\/en\/kohde\/ekua9512-marvel-9-transistor\/","title":{"rendered":"EKUA9512 Marvel 9 transistor osia (EKUM)"},"content":{"rendered":"<p>Nahkakotelossaan oleva matkaradio, josta puuttuu takalevy, kaiutin, antenni, asteikkomekanismi kokonaisuudessaan sek\u00e4 \u00e4\u00e4nenvoimakkuuden potentiometri \/ s\u00e4\u00e4t\u00f6mekanismi. Antennin juuri liimattu. J\u00e4ljell\u00e4 kuvissa n\u00e4kyv\u00e4t osat.<\/p>","protected":false},"excerpt":{"rendered":"<p>Nahkakotelossaan oleva matkaradio, josta puuttuu takalevy, kaiutin, antenni, asteikkomekanismi kokonaisuudessaan sek\u00e4 \u00e4\u00e4nenvoimakkuuden potentiometri \/ s\u00e4\u00e4t\u00f6mekanismi. Antennin juuri liimattu. J\u00e4ljell\u00e4 kuvissa n\u00e4kyv\u00e4t osat.<\/p>","protected":false},"featured_media":50460,"template":"","meta":[],"_links":{"self":[{"href":"https:\/\/www.radiomarket.fi\/en\/wp-json\/wp\/v2\/product\/18747"}],"collection":[{"href":"https:\/\/www.radiomarket.fi\/en\/wp-json\/wp\/v2\/product"}],"about":[{"href":"https:\/\/www.radiomarket.fi\/en\/wp-json\/wp\/v2\/types\/product"}],"wp:featuredmedia":[{"embeddable":true,"href":"https:\/\/www.radiomarket.fi\/en\/wp-json\/wp\/v2\/media\/50460"}],"wp:attachment":[{"href":"https:\/\/www.radiomarket.fi\/en\/wp-json\/wp\/v2\/media?parent=18747"}],"curies":[{"name":"wp","href":"https:\/\/api.w.org\/{rel}","templated":true}]}}