{"id":18752,"date":"2020-10-05T11:04:30","date_gmt":"2020-10-05T08:04:30","guid":{"rendered":"https:\/\/www.radiomarket.fi\/tuote\/ekua9507-blaupunkt-derby-commander\/"},"modified":"2022-10-27T17:36:09","modified_gmt":"2022-10-27T14:36:09","slug":"ekua9507-blaupunkt-derby-commander","status":"publish","type":"product","link":"https:\/\/www.radiomarket.fi\/en\/kohde\/ekua9507-blaupunkt-derby-commander\/","title":{"rendered":"EKUA9507 Blaupunkt Derby Commander 7 656 560 (EKUM)"},"content":{"rendered":"<p>Matkaradio ilman kuorta, nelj\u00e4 painonappia j\u00e4ljell\u00e4. Kaiutinelementti sek\u00e4 koneiston osat esim varaosiksi.<\/p><p>Ei asteikkoa, ei nuppeja, ei antennia.<\/p><p>Hinta kokonaisuudelle. Tilaa haluamasi varaosat e-mailitse.<\/p>","protected":false},"excerpt":{"rendered":"<p>Matkaradio ilman kuorta, nelj\u00e4 painonappia j\u00e4ljell\u00e4. Kaiutinelementti sek\u00e4 koneiston osat esim varaosiksi.Ei asteikkoa, ei nuppeja, ei antennia.Hinta kokonaisuudelle. Tilaa haluamasi varaosat e-mailitse.<\/p>","protected":false},"featured_media":32793,"template":"","meta":[],"_links":{"self":[{"href":"https:\/\/www.radiomarket.fi\/en\/wp-json\/wp\/v2\/product\/18752"}],"collection":[{"href":"https:\/\/www.radiomarket.fi\/en\/wp-json\/wp\/v2\/product"}],"about":[{"href":"https:\/\/www.radiomarket.fi\/en\/wp-json\/wp\/v2\/types\/product"}],"wp:featuredmedia":[{"embeddable":true,"href":"https:\/\/www.radiomarket.fi\/en\/wp-json\/wp\/v2\/media\/32793"}],"wp:attachment":[{"href":"https:\/\/www.radiomarket.fi\/en\/wp-json\/wp\/v2\/media?parent=18752"}],"curies":[{"name":"wp","href":"https:\/\/api.w.org\/{rel}","templated":true}]}}