{"id":18753,"date":"2020-10-05T11:04:30","date_gmt":"2020-10-05T08:04:30","guid":{"rendered":"https:\/\/www.radiomarket.fi\/tuote\/ekua9505-gardinia-asteikkolangaksi-soveltuva-vetonaru\/"},"modified":"2024-11-23T11:37:13","modified_gmt":"2024-11-23T09:37:13","slug":"ekua9505-gardinia-asteikkolangaksi-soveltuva-vetonaru","status":"publish","type":"product","link":"https:\/\/www.radiomarket.fi\/en\/kohde\/ekua9505-gardinia-asteikkolangaksi-soveltuva-vetonaru\/","title":{"rendered":"EKUA9505 Gardinia Asteikkolangaksi soveltuva vetonaru (EKUM)"},"content":{"rendered":"<p>10 metri\u00e4, esimerkiksi asteikkolangaksi. Myyd\u00e4\u00e4n metreitt\u00e4in, \u20ac2.00\/metri.<\/p>","protected":false},"excerpt":{"rendered":"<p>10 metri\u00e4, esimerkiksi asteikkolangaksi. Myyd\u00e4\u00e4n metreitt\u00e4in, \u20ac2.00\/metri.<\/p>","protected":false},"featured_media":38862,"template":"","meta":[],"_links":{"self":[{"href":"https:\/\/www.radiomarket.fi\/en\/wp-json\/wp\/v2\/product\/18753"}],"collection":[{"href":"https:\/\/www.radiomarket.fi\/en\/wp-json\/wp\/v2\/product"}],"about":[{"href":"https:\/\/www.radiomarket.fi\/en\/wp-json\/wp\/v2\/types\/product"}],"wp:featuredmedia":[{"embeddable":true,"href":"https:\/\/www.radiomarket.fi\/en\/wp-json\/wp\/v2\/media\/38862"}],"wp:attachment":[{"href":"https:\/\/www.radiomarket.fi\/en\/wp-json\/wp\/v2\/media?parent=18753"}],"curies":[{"name":"wp","href":"https:\/\/api.w.org\/{rel}","templated":true}]}}