{"id":18754,"date":"2024-08-23T11:04:30","date_gmt":"2024-08-23T08:04:30","guid":{"rendered":"https:\/\/www.radiomarket.fi\/tuote\/ekua9504-telefunken-l-666\/"},"modified":"2024-08-23T15:05:41","modified_gmt":"2024-08-23T12:05:41","slug":"ekua9504-telefunken-l-666","status":"publish","type":"product","link":"https:\/\/www.radiomarket.fi\/en\/kohde\/ekua9504-telefunken-l-666\/","title":{"rendered":"EKUA9504 Telefunken L 666 (L666) (EKUM)"},"content":{"rendered":"<p>Kaiutin josta paperiosa puuttuu,, 2000 ohmia, jalka halkeillut (k\u00e4rsinyt kylm\u00e4st\u00e4), 2 banaaniliitint\u00e4<\/p>","protected":false},"excerpt":{"rendered":"<p>Kaiutin josta paperiosa puuttuu,, 2000 ohmia, jalka halkeillut (k\u00e4rsinyt kylm\u00e4st\u00e4), 2 banaaniliitint\u00e4<\/p>","protected":false},"featured_media":49320,"template":"","meta":[],"_links":{"self":[{"href":"https:\/\/www.radiomarket.fi\/en\/wp-json\/wp\/v2\/product\/18754"}],"collection":[{"href":"https:\/\/www.radiomarket.fi\/en\/wp-json\/wp\/v2\/product"}],"about":[{"href":"https:\/\/www.radiomarket.fi\/en\/wp-json\/wp\/v2\/types\/product"}],"wp:featuredmedia":[{"embeddable":true,"href":"https:\/\/www.radiomarket.fi\/en\/wp-json\/wp\/v2\/media\/49320"}],"wp:attachment":[{"href":"https:\/\/www.radiomarket.fi\/en\/wp-json\/wp\/v2\/media?parent=18754"}],"curies":[{"name":"wp","href":"https:\/\/api.w.org\/{rel}","templated":true}]}}