{"id":18765,"date":"2025-04-01T11:04:33","date_gmt":"2025-04-01T08:04:33","guid":{"rendered":"https:\/\/www.radiomarket.fi\/tuote\/ekua9490-teleste-sym-100\/"},"modified":"2025-05-20T13:34:04","modified_gmt":"2025-05-20T10:34:04","slug":"ekua9490-teleste-sym-100","status":"publish","type":"product","link":"https:\/\/www.radiomarket.fi\/en\/kohde\/ekua9490-teleste-sym-100\/","title":{"rendered":"EKUA9490 Teleste SYM 100 (EKUM) vajaa"},"content":{"rendered":"<p>Sovitus- ja symmentrointimuuntaja (balun) AM- ja ULA-alueita varten. Uusi, mutta ainakin AM-alueen liitin puuttuu johtoineen.<\/p>","protected":false},"excerpt":{"rendered":"<p>Kirjetoimitustuotteita kannattaa tilata kerralla useampiakin, yksi lis\u00e4tuote lis\u00e4\u00e4 postikulua vain 10 sentill\u00e4 (tilanne 5\/2024, voi muuttua)<\/p>","protected":false},"featured_media":51410,"template":"","meta":[],"_links":{"self":[{"href":"https:\/\/www.radiomarket.fi\/en\/wp-json\/wp\/v2\/product\/18765"}],"collection":[{"href":"https:\/\/www.radiomarket.fi\/en\/wp-json\/wp\/v2\/product"}],"about":[{"href":"https:\/\/www.radiomarket.fi\/en\/wp-json\/wp\/v2\/types\/product"}],"wp:featuredmedia":[{"embeddable":true,"href":"https:\/\/www.radiomarket.fi\/en\/wp-json\/wp\/v2\/media\/51410"}],"wp:attachment":[{"href":"https:\/\/www.radiomarket.fi\/en\/wp-json\/wp\/v2\/media?parent=18765"}],"curies":[{"name":"wp","href":"https:\/\/api.w.org\/{rel}","templated":true}]}}