{"id":18770,"date":"2020-10-05T11:04:34","date_gmt":"2020-10-05T08:04:34","guid":{"rendered":"https:\/\/www.radiomarket.fi\/tuote\/ekua9484-salora-aluevalitsin\/"},"modified":"2021-11-06T19:17:42","modified_gmt":"2021-11-06T17:17:42","slug":"ekua9484-salora-aluevalitsin","status":"publish","type":"product","link":"https:\/\/www.radiomarket.fi\/en\/kohde\/ekua9484-salora-aluevalitsin\/","title":{"rendered":"EKUA9484 Salora Autoradio asteikkomoduli (EKUS)"},"content":{"rendered":"<p>Asteikko ja aluevalitsin, jossa nelj\u00e4 ULAn esivalintaa (90 94 98 ja 102 MHz). Jokaista voi viritt\u00e4\u00e4 omalla nupilla jossa painokytkin.<\/p><p>Tuote on k\u00e4ytt\u00e4m\u00e4t\u00f6n varaosa.<\/p>","protected":false},"excerpt":{"rendered":"<p>Asteikko ja aluevalitsin, jossa nelj\u00e4 ULAn esivalintaa (90 94 98 ja 102 MHz). Jokaista voi viritt\u00e4\u00e4 omalla nupilla jossa painokytkin.Tuote on k\u00e4ytt\u00e4m\u00e4t\u00f6n varaosa.<\/p>","protected":false},"featured_media":29384,"template":"","meta":[],"_links":{"self":[{"href":"https:\/\/www.radiomarket.fi\/en\/wp-json\/wp\/v2\/product\/18770"}],"collection":[{"href":"https:\/\/www.radiomarket.fi\/en\/wp-json\/wp\/v2\/product"}],"about":[{"href":"https:\/\/www.radiomarket.fi\/en\/wp-json\/wp\/v2\/types\/product"}],"wp:featuredmedia":[{"embeddable":true,"href":"https:\/\/www.radiomarket.fi\/en\/wp-json\/wp\/v2\/media\/29384"}],"wp:attachment":[{"href":"https:\/\/www.radiomarket.fi\/en\/wp-json\/wp\/v2\/media?parent=18770"}],"curies":[{"name":"wp","href":"https:\/\/api.w.org\/{rel}","templated":true}]}}