{"id":18771,"date":"2025-02-04T06:04:34","date_gmt":"2025-02-04T04:04:34","guid":{"rendered":"https:\/\/www.radiomarket.fi\/tuote\/ekua9483-telefunken-magnetofon-201\/"},"modified":"2025-02-05T11:53:44","modified_gmt":"2025-02-05T09:53:44","slug":"ekua9483-telefunken-magnetofon-201","status":"publish","type":"product","link":"https:\/\/www.radiomarket.fi\/en\/kohde\/ekua9483-telefunken-magnetofon-201\/","title":{"rendered":"EKUA9483 Telefunken magnetofon 201 (EKUS)"},"content":{"rendered":"<p>Katkenneen remmin palat n\u00e4kyv\u00e4t kuvassa, oletettavasti t\u00e4st\u00e4 laitteesta. Kulumaa runsaasti \u00e4\u00e4nenvoimakkuusnupin ymp\u00e4rill\u00e4. Virtakytkin yhdistetty \u00e4\u00e4nenvoimakkuusnuppiin. Naksuu oikean kuuloisesti, mutta ei tule virtaa. Ainakin kaksi painiketta purettu \u00e4\u00e4nenvoimakkuusnupin vierest\u00e4 (sek\u00e4 niiden mekanismi sis\u00e4puolelta). Tyhj\u00e4t rei\u00e4t n\u00e4kyv\u00e4t tuotekuvassa. Verkkojohdon suojaluukku pohjasta puuttuu. Ei tutkittu tarkemmin.<\/p>","protected":false},"excerpt":{"rendered":"<p>Katkenneen remmin palat n\u00e4kyv\u00e4t kuvassa, oletettavasti t\u00e4st\u00e4 laitteesta. Kulumaa runsaasti \u00e4\u00e4nenvoimakkuusnupin ymp\u00e4rill\u00e4. Virtakytkin yhdistetty \u00e4\u00e4nenvoimakkuusnuppiin. Naksuu oikean kuuloisesti, mutta ei tule virtaa. Ainakin kaksi painiketta purettu \u00e4\u00e4nenvoimakkuusnupin vierest\u00e4 (sek\u00e4 niiden mekanismi sis\u00e4puolelta). Tyhj\u00e4t rei\u00e4t n\u00e4kyv\u00e4t tuotekuvassa. Verkkojohdon suojaluukku pohjasta puuttuu. Ei tutkittu tarkemmin.<\/p>","protected":false},"featured_media":26315,"template":"","meta":[],"_links":{"self":[{"href":"https:\/\/www.radiomarket.fi\/en\/wp-json\/wp\/v2\/product\/18771"}],"collection":[{"href":"https:\/\/www.radiomarket.fi\/en\/wp-json\/wp\/v2\/product"}],"about":[{"href":"https:\/\/www.radiomarket.fi\/en\/wp-json\/wp\/v2\/types\/product"}],"wp:featuredmedia":[{"embeddable":true,"href":"https:\/\/www.radiomarket.fi\/en\/wp-json\/wp\/v2\/media\/26315"}],"wp:attachment":[{"href":"https:\/\/www.radiomarket.fi\/en\/wp-json\/wp\/v2\/media?parent=18771"}],"curies":[{"name":"wp","href":"https:\/\/api.w.org\/{rel}","templated":true}]}}