{"id":18772,"date":"2025-09-18T11:04:34","date_gmt":"2025-09-18T08:04:34","guid":{"rendered":"https:\/\/www.radiomarket.fi\/tuote\/ekua9482-helvarceleston-festivo-orchestra\/"},"modified":"2025-09-19T06:25:08","modified_gmt":"2025-09-19T03:25:08","slug":"ekua9482-helvarceleston-festivo-orchestra","status":"publish","type":"product","link":"https:\/\/www.radiomarket.fi\/en\/kohde\/ekua9482-helvarceleston-festivo-orchestra\/","title":{"rendered":"EKUA9482 Helvar Festivo \/ Celeston Orchestra? jalat ja pitk\u00e4 alaritil\u00e4 (EKUM)"},"content":{"rendered":"<p>Kuvien koneisto myyty.<\/p><p><strong>Seuraavat osat j\u00e4ljell\u00e4:<\/strong><br \/><br \/>Jalat ja pitk\u00e4 alaritil\u00e4. <br \/><br \/><\/p>","protected":false},"excerpt":{"rendered":"<p>Kuvien koneisto myyty.Seuraavat osat j\u00e4ljell\u00e4:Jalat ja pitk\u00e4 alaritil\u00e4.<\/p>","protected":false},"featured_media":29153,"template":"","meta":[],"_links":{"self":[{"href":"https:\/\/www.radiomarket.fi\/en\/wp-json\/wp\/v2\/product\/18772"}],"collection":[{"href":"https:\/\/www.radiomarket.fi\/en\/wp-json\/wp\/v2\/product"}],"about":[{"href":"https:\/\/www.radiomarket.fi\/en\/wp-json\/wp\/v2\/types\/product"}],"wp:featuredmedia":[{"embeddable":true,"href":"https:\/\/www.radiomarket.fi\/en\/wp-json\/wp\/v2\/media\/29153"}],"wp:attachment":[{"href":"https:\/\/www.radiomarket.fi\/en\/wp-json\/wp\/v2\/media?parent=18772"}],"curies":[{"name":"wp","href":"https:\/\/api.w.org\/{rel}","templated":true}]}}