{"id":18802,"date":"2020-10-05T11:04:42","date_gmt":"2020-10-05T08:04:42","guid":{"rendered":"https:\/\/www.radiomarket.fi\/tuote\/ekua9432x-asa-levysoitinyhdistelma\/"},"modified":"2022-06-01T12:22:40","modified_gmt":"2022-06-01T09:22:40","slug":"ekua9432x-asa-levysoitinyhdistelma","status":"publish","type":"product","link":"https:\/\/www.radiomarket.fi\/en\/kohde\/ekua9432x-asa-levysoitinyhdistelma\/","title":{"rendered":"EKUA9432x Asa 1302 Q Levysoitinyhdistelm\u00e4 (EKUS)"},"content":{"rendered":"<p>Noutotuote tai sovi toimituksesta erikseen.<br \/><br \/>Kasettiluukun muovi-&#8220;ikkuna&#8221; puuttuu. Kasettipes\u00e4 ei reagoi mihink\u00e4\u00e4n, paitsi eject-toimintoon. Radiopuolelta kuuluu asemia asteikon yl\u00e4p\u00e4\u00e4st\u00e4 kuulokkeilla testattaessa, mutta viritys j\u00e4m\u00e4ht\u00e4\u00e4 alueen puoliv\u00e4liss\u00e4. Levysoitinta ei tutkittu, mutta neula siin\u00e4 on. Kansi ehj\u00e4, toisessa saranassa ruuvin ymp\u00e4rill\u00e4 muovin sis\u00e4ll\u00e4 j\u00e4lke\u00e4, ei pintaan asti ulottuvaa halkeamaa kuitenkaan.<\/p>","protected":false},"excerpt":{"rendered":"<p>Noutotuote tai sovi toimituksesta erikseen.Kasettiluukun muovi-&#8220;ikkuna&#8221; puuttuu. Kasettipes\u00e4 ei reagoi mihink\u00e4\u00e4n, paitsi eject-toimintoon. Radiopuolelta kuuluu asemia asteikon yl\u00e4p\u00e4\u00e4st\u00e4 kuulokkeilla testattaessa, mutta viritys j\u00e4m\u00e4ht\u00e4\u00e4 alueen puoliv\u00e4liss\u00e4. Levysoitinta ei tutkittu, mutta neula siin\u00e4 on. Kansi ehj\u00e4, toisessa saranassa ruuvin ymp\u00e4rill\u00e4 muovin sis\u00e4ll\u00e4 j\u00e4lke\u00e4, ei pintaan asti ulottuvaa halkeamaa kuitenkaan.<\/p>","protected":false},"featured_media":28400,"template":"","meta":[],"_links":{"self":[{"href":"https:\/\/www.radiomarket.fi\/en\/wp-json\/wp\/v2\/product\/18802"}],"collection":[{"href":"https:\/\/www.radiomarket.fi\/en\/wp-json\/wp\/v2\/product"}],"about":[{"href":"https:\/\/www.radiomarket.fi\/en\/wp-json\/wp\/v2\/types\/product"}],"wp:featuredmedia":[{"embeddable":true,"href":"https:\/\/www.radiomarket.fi\/en\/wp-json\/wp\/v2\/media\/28400"}],"wp:attachment":[{"href":"https:\/\/www.radiomarket.fi\/en\/wp-json\/wp\/v2\/media?parent=18802"}],"curies":[{"name":"wp","href":"https:\/\/api.w.org\/{rel}","templated":true}]}}