{"id":18805,"date":"2020-10-05T11:04:43","date_gmt":"2020-10-05T08:04:43","guid":{"rendered":"https:\/\/www.radiomarket.fi\/tuote\/ekua9429x-tuntematon-mikrofoni\/"},"modified":"2020-10-05T11:04:43","modified_gmt":"2020-10-05T08:04:43","slug":"ekua9429x-tuntematon-mikrofoni","status":"publish","type":"product","link":"https:\/\/www.radiomarket.fi\/en\/kohde\/ekua9429x-tuntematon-mikrofoni\/","title":{"rendered":"EKUA9429x Tuntematon Mikrofoni"},"content":{"rendered":"Pieni, k\u00e4dess\u00e4 pidett\u00e4v\u00e4 mikrofoni, joka kuuluu samalla numerolla luetteloituun nauhuriin. ON\/OFF-kytkin, 2-pinninen pistoke: REM\/Mic.","protected":false},"excerpt":{"rendered":"<p>Pieni, k\u00e4dess\u00e4 pidett\u00e4v\u00e4 mikrofoni, joka kuuluu samalla numerolla luetteloituun nauhuriin. ON\/OFF-kytkin, 2-pinninen pistoke: REM\/Mic.<\/p>","protected":false},"featured_media":0,"template":"","meta":[],"_links":{"self":[{"href":"https:\/\/www.radiomarket.fi\/en\/wp-json\/wp\/v2\/product\/18805"}],"collection":[{"href":"https:\/\/www.radiomarket.fi\/en\/wp-json\/wp\/v2\/product"}],"about":[{"href":"https:\/\/www.radiomarket.fi\/en\/wp-json\/wp\/v2\/types\/product"}],"wp:attachment":[{"href":"https:\/\/www.radiomarket.fi\/en\/wp-json\/wp\/v2\/media?parent=18805"}],"curies":[{"name":"wp","href":"https:\/\/api.w.org\/{rel}","templated":true}]}}