{"id":18806,"date":"2024-02-03T11:04:44","date_gmt":"2024-02-03T09:04:44","guid":{"rendered":"https:\/\/www.radiomarket.fi\/tuote\/ekua9429-ocean-kasettinauhuri\/"},"modified":"2024-02-03T12:54:31","modified_gmt":"2024-02-03T10:54:31","slug":"ekua9429-ocean-kasettinauhuri","status":"publish","type":"product","link":"https:\/\/www.radiomarket.fi\/en\/kohde\/ekua9429-ocean-kasettinauhuri\/","title":{"rendered":"EKUA9429 Ocean Solid State kasettinauhuri, mikrofoni ja kuulokkeet (EKUM)"},"content":{"rendered":"<p>Makuumallinen kasettinauhuri, jossa tumma\/vaalea harmaa kotelo muovista. P\u00e4\u00e4ll\u00e4 kasettidekki, kaiutin, \u00e4\u00e4nenvoimakkuuden ja tilan s\u00e4\u00e4t\u00f6 sek\u00e4 punainen REC-painike. Sivussa liit\u00e4nn\u00e4t &#8220;REM&#8221;, &#8220;MIC&#8221;, &#8220;EAR&#8221; ja &#8220;DC6V&#8221;. Paristokotelon kansi ei pysy kiinni.<\/p><p>Kasettiluukku irtoaa.<\/p>","protected":false},"excerpt":{"rendered":"<p>Makuumallinen kasettinauhuri, jossa tumma\/vaalea harmaa kotelo muovista. P\u00e4\u00e4ll\u00e4 kasettidekki, kaiutin, \u00e4\u00e4nenvoimakkuuden ja tilan s\u00e4\u00e4t\u00f6 sek\u00e4 punainen REC-painike. Sivussa liit\u00e4nn\u00e4t &#8220;REM&#8221;, &#8220;MIC&#8221;, &#8220;EAR&#8221; ja &#8220;DC6V&#8221;. Paristokotelon kansi ei pysy kiinni.Kasettiluukku irtoaa.<\/p>","protected":false},"featured_media":45120,"template":"","meta":[],"_links":{"self":[{"href":"https:\/\/www.radiomarket.fi\/en\/wp-json\/wp\/v2\/product\/18806"}],"collection":[{"href":"https:\/\/www.radiomarket.fi\/en\/wp-json\/wp\/v2\/product"}],"about":[{"href":"https:\/\/www.radiomarket.fi\/en\/wp-json\/wp\/v2\/types\/product"}],"wp:featuredmedia":[{"embeddable":true,"href":"https:\/\/www.radiomarket.fi\/en\/wp-json\/wp\/v2\/media\/45120"}],"wp:attachment":[{"href":"https:\/\/www.radiomarket.fi\/en\/wp-json\/wp\/v2\/media?parent=18806"}],"curies":[{"name":"wp","href":"https:\/\/api.w.org\/{rel}","templated":true}]}}