{"id":18807,"date":"2020-10-05T11:04:44","date_gmt":"2020-10-05T08:04:44","guid":{"rendered":"https:\/\/www.radiomarket.fi\/tuote\/ekua9428x-isp-radio-tv-cassetten-recorder-rct-4020\/"},"modified":"2022-11-08T11:35:12","modified_gmt":"2022-11-08T09:35:12","slug":"ekua9428x-isp-radio-tv-cassetten-recorder-rct-4020","status":"publish","type":"product","link":"https:\/\/www.radiomarket.fi\/en\/kohde\/ekua9428x-isp-radio-tv-cassetten-recorder-rct-4020\/","title":{"rendered":"EKUA9428x ISP Radio TV Cassetten recorder RCT-4020 (EKUS)"},"content":{"rendered":"<p>Hyv\u00e4 radio, lyhyet aallot ja FM herk\u00e4t, kasettisoitinta ei testattu, televisio toimii teknisesti mutta toistaiseksi j\u00e4ljell\u00e4 olevat DX-tason televisioasemat eiv\u00e4t ole pelk\u00e4ll\u00e4 piiskalla n\u00e4kyneet. Testattu 2018.<\/p>","protected":false},"excerpt":{"rendered":"<p>Hyv\u00e4 radio, lyhyet aallot ja FM herk\u00e4t, kasettisoitinta ei testattu, televisio toimii teknisesti mutta toistaiseksi j\u00e4ljell\u00e4 olevat DX-tason televisioasemat eiv\u00e4t ole pelk\u00e4ll\u00e4 piiskalla n\u00e4kyneet. Testattu 2018.<\/p>","protected":false},"featured_media":34612,"template":"","meta":[],"_links":{"self":[{"href":"https:\/\/www.radiomarket.fi\/en\/wp-json\/wp\/v2\/product\/18807"}],"collection":[{"href":"https:\/\/www.radiomarket.fi\/en\/wp-json\/wp\/v2\/product"}],"about":[{"href":"https:\/\/www.radiomarket.fi\/en\/wp-json\/wp\/v2\/types\/product"}],"wp:featuredmedia":[{"embeddable":true,"href":"https:\/\/www.radiomarket.fi\/en\/wp-json\/wp\/v2\/media\/34612"}],"wp:attachment":[{"href":"https:\/\/www.radiomarket.fi\/en\/wp-json\/wp\/v2\/media?parent=18807"}],"curies":[{"name":"wp","href":"https:\/\/api.w.org\/{rel}","templated":true}]}}