{"id":18809,"date":"2020-10-05T11:04:46","date_gmt":"2020-10-05T08:04:46","guid":{"rendered":"https:\/\/www.radiomarket.fi\/tuote\/ekua9420x-vesala-elmo-16-11\/"},"modified":"2020-10-05T11:04:46","modified_gmt":"2020-10-05T08:04:46","slug":"ekua9420x-vesala-elmo-16-11","status":"publish","type":"product","link":"https:\/\/www.radiomarket.fi\/en\/kohde\/ekua9420x-vesala-elmo-16-11\/","title":{"rendered":"EKUA9420x Vesala ELMO-16-11"},"content":{"rendered":"12 KHz. Vaaleanharmaa kaukos\u00e4\u00e4timen muotoinen mittari.","protected":false},"excerpt":{"rendered":"<p>12 KHz. Vaaleanharmaa kaukos\u00e4\u00e4timen muotoinen mittari.<\/p>","protected":false},"featured_media":0,"template":"","meta":[],"_links":{"self":[{"href":"https:\/\/www.radiomarket.fi\/en\/wp-json\/wp\/v2\/product\/18809"}],"collection":[{"href":"https:\/\/www.radiomarket.fi\/en\/wp-json\/wp\/v2\/product"}],"about":[{"href":"https:\/\/www.radiomarket.fi\/en\/wp-json\/wp\/v2\/types\/product"}],"wp:attachment":[{"href":"https:\/\/www.radiomarket.fi\/en\/wp-json\/wp\/v2\/media?parent=18809"}],"curies":[{"name":"wp","href":"https:\/\/api.w.org\/{rel}","templated":true}]}}