{"id":18820,"date":"2020-10-05T11:04:49","date_gmt":"2020-10-05T08:04:49","guid":{"rendered":"https:\/\/www.radiomarket.fi\/tuote\/ekua9264x-aeon-mra-52\/"},"modified":"2023-02-15T12:11:37","modified_gmt":"2023-02-15T10:11:37","slug":"ekua9264x-aeon-mra-52","status":"publish","type":"product","link":"https:\/\/www.radiomarket.fi\/en\/kohde\/ekua9264x-aeon-mra-52\/","title":{"rendered":"EKUA9264x AEON MRA-52 0-15A (EKUS)"},"content":{"rendered":"<p>0-15 A. Sopii noin 52mm reik\u00e4\u00e4n. Tuotekuvan toinen mittari l\u00f6ytyy koodilla EKUA9264.<\/p>","protected":false},"excerpt":{"rendered":"<p>0-15 A. Sopii noin 52mm reik\u00e4\u00e4n. Tuotekuvan toinen mittari l\u00f6ytyy koodilla EKUA9264.<\/p>","protected":false},"featured_media":11196,"template":"","meta":[],"_links":{"self":[{"href":"https:\/\/www.radiomarket.fi\/en\/wp-json\/wp\/v2\/product\/18820"}],"collection":[{"href":"https:\/\/www.radiomarket.fi\/en\/wp-json\/wp\/v2\/product"}],"about":[{"href":"https:\/\/www.radiomarket.fi\/en\/wp-json\/wp\/v2\/types\/product"}],"wp:featuredmedia":[{"embeddable":true,"href":"https:\/\/www.radiomarket.fi\/en\/wp-json\/wp\/v2\/media\/11196"}],"wp:attachment":[{"href":"https:\/\/www.radiomarket.fi\/en\/wp-json\/wp\/v2\/media?parent=18820"}],"curies":[{"name":"wp","href":"https:\/\/api.w.org\/{rel}","templated":true}]}}