{"id":18821,"date":"2020-10-05T11:04:49","date_gmt":"2020-10-05T08:04:49","guid":{"rendered":"https:\/\/www.radiomarket.fi\/tuote\/ekua9257-aga-transistor-3340\/"},"modified":"2021-01-22T15:22:20","modified_gmt":"2021-01-22T13:22:20","slug":"ekua9257-aga-transistor-3340","status":"publish","type":"product","link":"https:\/\/www.radiomarket.fi\/en\/kohde\/ekua9257-aga-transistor-3340\/","title":{"rendered":"EKUA9257 Aga Transistor 3340"},"content":{"rendered":"Ruskea nahkap\u00e4\u00e4llyste. Pinta kulunut\/likaantunut, antenni ja sen kiinnike poistettu, ei alkuper\u00e4ist\u00e4 paristokoteloa. Nupit puuttuvat. Painonapit j\u00e4ljell\u00e4.","protected":false},"excerpt":{"rendered":"<p>Ruskea nahkap\u00e4\u00e4llyste. Pinta kulunut\/likaantunut, antenni ja sen kiinnike poistettu, ei alkuper\u00e4ist\u00e4 paristokoteloa. Nupit puuttuvat. Painonapit j\u00e4ljell\u00e4.<\/p>","protected":false},"featured_media":25465,"template":"","meta":[],"_links":{"self":[{"href":"https:\/\/www.radiomarket.fi\/en\/wp-json\/wp\/v2\/product\/18821"}],"collection":[{"href":"https:\/\/www.radiomarket.fi\/en\/wp-json\/wp\/v2\/product"}],"about":[{"href":"https:\/\/www.radiomarket.fi\/en\/wp-json\/wp\/v2\/types\/product"}],"wp:featuredmedia":[{"embeddable":true,"href":"https:\/\/www.radiomarket.fi\/en\/wp-json\/wp\/v2\/media\/25465"}],"wp:attachment":[{"href":"https:\/\/www.radiomarket.fi\/en\/wp-json\/wp\/v2\/media?parent=18821"}],"curies":[{"name":"wp","href":"https:\/\/api.w.org\/{rel}","templated":true}]}}