{"id":18827,"date":"2020-10-05T11:04:51","date_gmt":"2020-10-05T08:04:51","guid":{"rendered":"https:\/\/www.radiomarket.fi\/tuote\/ekua9250-tuntematon-saatovastus\/"},"modified":"2020-11-26T18:29:53","modified_gmt":"2020-11-26T16:29:53","slug":"ekua9250-tuntematon-saatovastus","status":"publish","type":"product","link":"https:\/\/www.radiomarket.fi\/en\/kohde\/ekua9250-tuntematon-saatovastus\/","title":{"rendered":"EKUA9250 Tuntematon S\u00e4\u00e4t\u00f6vastus"},"content":{"rendered":"Kuvausta ei saatavilla.","protected":false},"excerpt":{"rendered":"<p>Kuvausta ei saatavilla.<\/p>","protected":false},"featured_media":25479,"template":"","meta":[],"_links":{"self":[{"href":"https:\/\/www.radiomarket.fi\/en\/wp-json\/wp\/v2\/product\/18827"}],"collection":[{"href":"https:\/\/www.radiomarket.fi\/en\/wp-json\/wp\/v2\/product"}],"about":[{"href":"https:\/\/www.radiomarket.fi\/en\/wp-json\/wp\/v2\/types\/product"}],"wp:featuredmedia":[{"embeddable":true,"href":"https:\/\/www.radiomarket.fi\/en\/wp-json\/wp\/v2\/media\/25479"}],"wp:attachment":[{"href":"https:\/\/www.radiomarket.fi\/en\/wp-json\/wp\/v2\/media?parent=18827"}],"curies":[{"name":"wp","href":"https:\/\/api.w.org\/{rel}","templated":true}]}}