{"id":18828,"date":"2024-09-05T11:04:51","date_gmt":"2024-09-05T08:04:51","guid":{"rendered":"https:\/\/www.radiomarket.fi\/tuote\/ekua9249-torotor-kelapurkki\/"},"modified":"2024-09-05T14:01:33","modified_gmt":"2024-09-05T11:01:33","slug":"ekua9249-torotor-kelapurkki","status":"publish","type":"product","link":"https:\/\/www.radiomarket.fi\/en\/kohde\/ekua9249-torotor-kelapurkki\/","title":{"rendered":"EKUA9249 Torotor(?) kelapurkki (EKUS)"},"content":{"rendered":"<p>Purkeissa ei ole merkitty p\u00e4\u00e4llep\u00e4in n\u00e4kyv\u00e4\u00e4 valmistajaa, ilmeisesti Torotor?<\/p>","protected":false},"excerpt":{"rendered":"<p>Kirjetoimitustuotteita kannattaa ostaa useampia kerralla, kukin kirjetoimitettava lis\u00e4tuote ostoskorissa nostaa kirjetoimituksen perusmaksua vain \u20ac0,10 (tilanne 9\/2024).<\/p>","protected":false},"featured_media":49523,"template":"","meta":[],"_links":{"self":[{"href":"https:\/\/www.radiomarket.fi\/en\/wp-json\/wp\/v2\/product\/18828"}],"collection":[{"href":"https:\/\/www.radiomarket.fi\/en\/wp-json\/wp\/v2\/product"}],"about":[{"href":"https:\/\/www.radiomarket.fi\/en\/wp-json\/wp\/v2\/types\/product"}],"wp:featuredmedia":[{"embeddable":true,"href":"https:\/\/www.radiomarket.fi\/en\/wp-json\/wp\/v2\/media\/49523"}],"wp:attachment":[{"href":"https:\/\/www.radiomarket.fi\/en\/wp-json\/wp\/v2\/media?parent=18828"}],"curies":[{"name":"wp","href":"https:\/\/api.w.org\/{rel}","templated":true}]}}