{"id":18843,"date":"2020-10-05T11:04:55","date_gmt":"2020-10-05T08:04:55","guid":{"rendered":"https:\/\/www.radiomarket.fi\/tuote\/ekua9087-jvc-fm-am-stereo-cassette-modular-9470ls\/"},"modified":"2021-02-13T09:17:49","modified_gmt":"2021-02-13T07:17:49","slug":"ekua9087-jvc-fm-am-stereo-cassette-modular-9470ls","status":"publish","type":"product","link":"https:\/\/www.radiomarket.fi\/en\/kohde\/ekua9087-jvc-fm-am-stereo-cassette-modular-9470ls\/","title":{"rendered":"EKUA9087 JVC FM-AM Stereo Cassette Modular 9470LS"},"content":{"rendered":"Pohja tummanruskeaa puuta, harmaassa yl\u00e4osassa s\u00e4\u00e4t\u00f6nupit ja asteikkolevy. Takapuolella runsaasti liit\u00e4nt\u00f6j\u00e4, ks. kuva. S\u00e4\u00e4t\u00f6nuppien maalipinta osin kulunut.","protected":false},"excerpt":{"rendered":"<p>Radio ja nauhuri toimivat pikatestiss\u00e4, molemmat kanavat kuuluvat p\u00e4\u00e4kaiutinliit\u00e4nn\u00e4ss\u00e4 testattaessa, muita liit\u00e4nt\u00f6j\u00e4 ei testattu. Asteikko- ja mittarivalot pime\u00e4n\u00e4, asteikkoneulan valo toimii.<\/p>","protected":false},"featured_media":25469,"template":"","meta":[],"_links":{"self":[{"href":"https:\/\/www.radiomarket.fi\/en\/wp-json\/wp\/v2\/product\/18843"}],"collection":[{"href":"https:\/\/www.radiomarket.fi\/en\/wp-json\/wp\/v2\/product"}],"about":[{"href":"https:\/\/www.radiomarket.fi\/en\/wp-json\/wp\/v2\/types\/product"}],"wp:featuredmedia":[{"embeddable":true,"href":"https:\/\/www.radiomarket.fi\/en\/wp-json\/wp\/v2\/media\/25469"}],"wp:attachment":[{"href":"https:\/\/www.radiomarket.fi\/en\/wp-json\/wp\/v2\/media?parent=18843"}],"curies":[{"name":"wp","href":"https:\/\/api.w.org\/{rel}","templated":true}]}}