{"id":18867,"date":"2020-10-05T11:05:00","date_gmt":"2020-10-05T08:05:00","guid":{"rendered":"https:\/\/www.radiomarket.fi\/tuote\/ekua8148-tuntematon-10vp15\/"},"modified":"2020-10-05T11:05:00","modified_gmt":"2020-10-05T08:05:00","slug":"ekua8148-tuntematon-10vp15","status":"publish","type":"product","link":"https:\/\/www.radiomarket.fi\/en\/kohde\/ekua8148-tuntematon-10vp15\/","title":{"rendered":"EKUA8148 Tuntematon 10VP15"},"content":{"rendered":"Py\u00f6re\u00e4 n\u00e4ytt\u00f6, 55 asteen poikkeutuskulma. Halkaisija 27 cm.","protected":false},"excerpt":{"rendered":"<p>Py\u00f6re\u00e4 n\u00e4ytt\u00f6, 55 asteen poikkeutuskulma. Halkaisija 27 cm.<\/p>","protected":false},"featured_media":0,"template":"","meta":[],"_links":{"self":[{"href":"https:\/\/www.radiomarket.fi\/en\/wp-json\/wp\/v2\/product\/18867"}],"collection":[{"href":"https:\/\/www.radiomarket.fi\/en\/wp-json\/wp\/v2\/product"}],"about":[{"href":"https:\/\/www.radiomarket.fi\/en\/wp-json\/wp\/v2\/types\/product"}],"wp:attachment":[{"href":"https:\/\/www.radiomarket.fi\/en\/wp-json\/wp\/v2\/media?parent=18867"}],"curies":[{"name":"wp","href":"https:\/\/api.w.org\/{rel}","templated":true}]}}