{"id":18881,"date":"2024-01-10T11:05:03","date_gmt":"2024-01-10T09:05:03","guid":{"rendered":"https:\/\/www.radiomarket.fi\/tuote\/ekua8123-telefunken-gavotte-1691\/"},"modified":"2024-01-20T11:30:24","modified_gmt":"2024-01-20T09:30:24","slug":"ekua8123-telefunken-gavotte-1691","status":"publish","type":"product","link":"https:\/\/www.radiomarket.fi\/en\/kohde\/ekua8123-telefunken-gavotte-1691\/","title":{"rendered":"EKUA8123 Telefunken Gavotte 1691 soiva (EKUM)"},"content":{"rendered":"<p>Kauniisti soiva p\u00f6yt\u00e4radio. Kaikki aaltoalueet kuuluvat, my\u00f6s ULA sis\u00e4isell\u00e4 antennilla. Testattu 01\/2024.<\/p><p>Vasen asteikkolamppu pime\u00e4, oikea toimii. Kuivunut kondensaattori C234 vaihdettu. Asteikko heitt\u00e4\u00e4 hieman (esim. taajuuden 89,9 MHz asema kuuluu n. 91-92 MHz paikkeilla). T\u00e4st\u00e4 puuttuu ULA-kytkent\u00e4liuskan muovikotelo, joten liuska oli alunperin p\u00e4\u00e4ssyt nousemaan pois paikaltaan. Huollettaessa painettu paikalleen, jolloin radio on saatu kuuluvaan kuntoon. Enemm\u00e4n nappeja k\u00e4ytett\u00e4ess\u00e4 liuska saattaa edelleen kohota paikaltaan osan puuttuessa, mutta sen saa painamalla paikalleen. Sarjanumero paperilapulla pohjassa, sek\u00e4 stanssattuna koneistoon AM-viritysnupin akselin yl\u00e4puolelle. Takasein\u00e4ss\u00e4 S\u00e4hk\u00f6liikkeiden oy:n tarra, jossa No. 218679. Kotelon p\u00e4\u00e4ll\u00e4 naarmuja ja j\u00e4lki\u00e4, jotka on yritetty saada kuviin n\u00e4kym\u00e4\u00e4n.<\/p>","protected":false},"excerpt":{"rendered":"<p>Kauniisti soiva p\u00f6yt\u00e4radio. Kaikki aaltoalueet kuuluvat, my\u00f6s ULA sis\u00e4isell\u00e4 antennilla. Testattu 01\/2024.Vasen asteikkolamppu pime\u00e4, oikea toimii. Kuivunut kondensaattori C234 vaihdettu. Asteikko heitt\u00e4\u00e4 hieman (esim. taajuuden 89,9 MHz asema kuuluu n. 91-92 MHz paikkeilla). T\u00e4st\u00e4 puuttuu ULA-kytkent\u00e4liuskan muovikotelo, joten liuska oli alunperin p\u00e4\u00e4ssyt nousemaan pois paikaltaan. Huollettaessa painettu paikalleen, jolloin radio on saatu kuuluvaan kuntoon. Enemm\u00e4n &hellip;<\/p>\n<p class=\"read-more\"> <a class=\"thunk-readmore button\" href=\"https:\/\/www.radiomarket.fi\/en\/kohde\/ekua8123-telefunken-gavotte-1691\/\"> <span class=\"screen-reader-text\">EKUA8123 Telefunken Gavotte 1691 soiva (EKUM)<\/span>Read More<\/a><\/p>","protected":false},"featured_media":44562,"template":"","meta":[],"_links":{"self":[{"href":"https:\/\/www.radiomarket.fi\/en\/wp-json\/wp\/v2\/product\/18881"}],"collection":[{"href":"https:\/\/www.radiomarket.fi\/en\/wp-json\/wp\/v2\/product"}],"about":[{"href":"https:\/\/www.radiomarket.fi\/en\/wp-json\/wp\/v2\/types\/product"}],"wp:featuredmedia":[{"embeddable":true,"href":"https:\/\/www.radiomarket.fi\/en\/wp-json\/wp\/v2\/media\/44562"}],"wp:attachment":[{"href":"https:\/\/www.radiomarket.fi\/en\/wp-json\/wp\/v2\/media?parent=18881"}],"curies":[{"name":"wp","href":"https:\/\/api.w.org\/{rel}","templated":true}]}}