{"id":18895,"date":"2020-10-05T11:05:08","date_gmt":"2020-10-05T08:05:08","guid":{"rendered":"https:\/\/www.radiomarket.fi\/tuote\/ekua8091-jvc-nivico-ms\/"},"modified":"2023-01-20T18:16:46","modified_gmt":"2023-01-20T16:16:46","slug":"ekua8091-jvc-nivico-ms","status":"publish","type":"product","link":"https:\/\/www.radiomarket.fi\/en\/kohde\/ekua8091-jvc-nivico-ms\/","title":{"rendered":"EKUA8091 JVC Nivico MS"},"content":{"rendered":"<p>Nupit v\u00e4h\u00e4n v\u00e4\u00e4ntyilleet paikoiltaan. Ei tutkittu tarkemmin. Hinnoitellaan asiakkaan pyynn\u00f6st\u00e4.<\/p>","protected":false},"excerpt":{"rendered":"<p>Nupit v\u00e4h\u00e4n v\u00e4\u00e4ntyilleet paikoiltaan. Ei tutkittu tarkemmin. Hinnoitellaan asiakkaan pyynn\u00f6st\u00e4.<\/p>","protected":false},"featured_media":37116,"template":"","meta":[],"_links":{"self":[{"href":"https:\/\/www.radiomarket.fi\/en\/wp-json\/wp\/v2\/product\/18895"}],"collection":[{"href":"https:\/\/www.radiomarket.fi\/en\/wp-json\/wp\/v2\/product"}],"about":[{"href":"https:\/\/www.radiomarket.fi\/en\/wp-json\/wp\/v2\/types\/product"}],"wp:featuredmedia":[{"embeddable":true,"href":"https:\/\/www.radiomarket.fi\/en\/wp-json\/wp\/v2\/media\/37116"}],"wp:attachment":[{"href":"https:\/\/www.radiomarket.fi\/en\/wp-json\/wp\/v2\/media?parent=18895"}],"curies":[{"name":"wp","href":"https:\/\/api.w.org\/{rel}","templated":true}]}}