{"id":18907,"date":"2024-04-05T11:05:11","date_gmt":"2024-04-05T08:05:11","guid":{"rendered":"https:\/\/www.radiomarket.fi\/tuote\/ekua8069-tandberg-17-21-1700-sarja\/"},"modified":"2024-10-16T10:18:24","modified_gmt":"2024-10-16T07:18:24","slug":"ekua8069-tandberg-17-21-1700-sarja","status":"publish","type":"product","link":"https:\/\/www.radiomarket.fi\/en\/kohde\/ekua8069-tandberg-17-21-1700-sarja\/","title":{"rendered":"EKUA8069 Tandberg 17-21, 1700-sarja (EKUS)"},"content":{"rendered":"<p>Naarmuinen mutta kokonainen p\u00f6lykansi. Ainakaan isoja paloja ei puutu. Puupinnat haalistuneet, ei tutkittu tarkemmin. Myyd\u00e4\u00e4n kokonaisena tai voidaan harkita myynti\u00e4 my\u00f6s osina. Kuvan kelat eiv\u00e4t kuulu kauppaan.<\/p>","protected":false},"excerpt":{"rendered":"<p>Naarmuinen mutta kokonainen p\u00f6lykansi. Ainakaan isoja paloja ei puutu. Puupinnat haalistuneet, ei tutkittu tarkemmin. Myyd\u00e4\u00e4n kokonaisena tai voidaan harkita myynti\u00e4 my\u00f6s osina. Kuvan kelat eiv\u00e4t kuulu kauppaan.<\/p>","protected":false},"featured_media":45959,"template":"","meta":[],"_links":{"self":[{"href":"https:\/\/www.radiomarket.fi\/en\/wp-json\/wp\/v2\/product\/18907"}],"collection":[{"href":"https:\/\/www.radiomarket.fi\/en\/wp-json\/wp\/v2\/product"}],"about":[{"href":"https:\/\/www.radiomarket.fi\/en\/wp-json\/wp\/v2\/types\/product"}],"wp:featuredmedia":[{"embeddable":true,"href":"https:\/\/www.radiomarket.fi\/en\/wp-json\/wp\/v2\/media\/45959"}],"wp:attachment":[{"href":"https:\/\/www.radiomarket.fi\/en\/wp-json\/wp\/v2\/media?parent=18907"}],"curies":[{"name":"wp","href":"https:\/\/api.w.org\/{rel}","templated":true}]}}