{"id":18922,"date":"2025-12-02T11:05:15","date_gmt":"2025-12-02T09:05:15","guid":{"rendered":"https:\/\/www.radiomarket.fi\/tuote\/ekua8032-luxor-9419\/"},"modified":"2025-12-03T08:33:25","modified_gmt":"2025-12-03T06:33:25","slug":"ekua8032-luxor-9419","status":"publish","type":"product","link":"https:\/\/www.radiomarket.fi\/en\/kohde\/ekua8032-luxor-9419\/","title":{"rendered":"EKUA8032 Luxor 9419 (EKUS)"},"content":{"rendered":"<p>&#8220;Made for Nokia in Poland&#8221;, antenni poikki. Kaksi painonappia ja kaksi nuppia puuttuu. Yksi kotelon ruuveista puuttuu. Asemanvalintaviisari liikkuu hyv\u00e4noloisesti. Ei tutkittu tarkemmin. Painonsa puolesta t\u00e4ytt\u00e4 tavaraa.<\/p>","protected":false},"excerpt":{"rendered":"<p>&#8220;Made for Nokia in Poland&#8221;, antenni poikki. Kaksi painonappia ja kaksi nuppia puuttuu. Yksi kotelon ruuveista puuttuu. Asemanvalintaviisari liikkuu hyv\u00e4noloisesti. Ei tutkittu tarkemmin. Painonsa puolesta t\u00e4ytt\u00e4 tavaraa.<\/p>","protected":false},"featured_media":55701,"template":"","meta":[],"_links":{"self":[{"href":"https:\/\/www.radiomarket.fi\/en\/wp-json\/wp\/v2\/product\/18922"}],"collection":[{"href":"https:\/\/www.radiomarket.fi\/en\/wp-json\/wp\/v2\/product"}],"about":[{"href":"https:\/\/www.radiomarket.fi\/en\/wp-json\/wp\/v2\/types\/product"}],"wp:featuredmedia":[{"embeddable":true,"href":"https:\/\/www.radiomarket.fi\/en\/wp-json\/wp\/v2\/media\/55701"}],"wp:attachment":[{"href":"https:\/\/www.radiomarket.fi\/en\/wp-json\/wp\/v2\/media?parent=18922"}],"curies":[{"name":"wp","href":"https:\/\/api.w.org\/{rel}","templated":true}]}}