{"id":18929,"date":"2020-10-05T11:05:17","date_gmt":"2020-10-05T08:05:17","guid":{"rendered":"https:\/\/www.radiomarket.fi\/tuote\/ekua8024-helvar-snl-35\/"},"modified":"2023-03-29T14:57:18","modified_gmt":"2023-03-29T11:57:18","slug":"ekua8024-helvar-snl-35","status":"publish","type":"product","link":"https:\/\/www.radiomarket.fi\/en\/kohde\/ekua8024-helvar-snl-35\/","title":{"rendered":"EKUA8024 Helvar SNL-35"},"content":{"rendered":"<p>Ei p\u00f6lykantta. Ei \u00e4\u00e4nirasiaa levysoittimessa. Kotelon alareunassa murtuma, joka n\u00e4kyy kuvassa. Ei tutkittu tarkemmin.<\/p><p>&nbsp;<\/p><p>Ei testattu.<\/p>","protected":false},"excerpt":{"rendered":"<p>Ei p\u00f6lykantta. Ei \u00e4\u00e4nirasiaa levysoittimessa. Kotelon alareunassa murtuma, joka n\u00e4kyy kuvassa. Ei tutkittu tarkemmin.&nbsp;Ei testattu.<\/p>","protected":false},"featured_media":26492,"template":"","meta":[],"_links":{"self":[{"href":"https:\/\/www.radiomarket.fi\/en\/wp-json\/wp\/v2\/product\/18929"}],"collection":[{"href":"https:\/\/www.radiomarket.fi\/en\/wp-json\/wp\/v2\/product"}],"about":[{"href":"https:\/\/www.radiomarket.fi\/en\/wp-json\/wp\/v2\/types\/product"}],"wp:featuredmedia":[{"embeddable":true,"href":"https:\/\/www.radiomarket.fi\/en\/wp-json\/wp\/v2\/media\/26492"}],"wp:attachment":[{"href":"https:\/\/www.radiomarket.fi\/en\/wp-json\/wp\/v2\/media?parent=18929"}],"curies":[{"name":"wp","href":"https:\/\/api.w.org\/{rel}","templated":true}]}}