{"id":18931,"date":"2020-10-05T11:05:17","date_gmt":"2020-10-05T08:05:17","guid":{"rendered":"https:\/\/www.radiomarket.fi\/tuote\/ekua8019-tuntematon-2-w-br-nr-36\/"},"modified":"2020-10-05T11:05:17","modified_gmt":"2020-10-05T08:05:17","slug":"ekua8019-tuntematon-2-w-br-nr-36","status":"publish","type":"product","link":"https:\/\/www.radiomarket.fi\/en\/kohde\/ekua8019-tuntematon-2-w-br-nr-36\/","title":{"rendered":"EKUA8019 Tuntematon 2 W Br Nr 36"},"content":{"rendered":"Maastonvihre\u00e4 metallilaatikko, jossa v\u00e4liseini\u00e4.","protected":false},"excerpt":{"rendered":"<p>Maastonvihre\u00e4 metallilaatikko, jossa v\u00e4liseini\u00e4.<\/p>","protected":false},"featured_media":0,"template":"","meta":[],"_links":{"self":[{"href":"https:\/\/www.radiomarket.fi\/en\/wp-json\/wp\/v2\/product\/18931"}],"collection":[{"href":"https:\/\/www.radiomarket.fi\/en\/wp-json\/wp\/v2\/product"}],"about":[{"href":"https:\/\/www.radiomarket.fi\/en\/wp-json\/wp\/v2\/types\/product"}],"wp:attachment":[{"href":"https:\/\/www.radiomarket.fi\/en\/wp-json\/wp\/v2\/media?parent=18931"}],"curies":[{"name":"wp","href":"https:\/\/api.w.org\/{rel}","templated":true}]}}