{"id":18957,"date":"2023-10-14T12:05:22","date_gmt":"2023-10-14T09:05:22","guid":{"rendered":"https:\/\/www.radiomarket.fi\/tuote\/ekua7966-finlux-14-b-59-tx\/"},"modified":"2025-01-10T19:34:16","modified_gmt":"2025-01-10T17:34:16","slug":"ekua7966-finlux-14-b-59-tx","status":"publish","type":"product","link":"https:\/\/www.radiomarket.fi\/en\/kohde\/ekua7966-finlux-14-b-59-tx\/","title":{"rendered":"EKUA7966 Finlux 14 B 59 TX (EKUM)"},"content":{"rendered":"<p>Kaukos\u00e4\u00e4din tuotekoodilla EKUA7966x. Antenni vaikuttaisi puuttuvan (tyhj\u00e4 reik\u00e4).<\/p><p>Testattu 11\/2023. Lumisade n\u00e4ytt\u00e4\u00e4 oikealta. Kanavat vaihtuvat etupaneelin painikkeista yl\u00f6s ja alas. \u00c4\u00e4nenvoimakkuuden muuttumista ei ole tutkittu, painikkeita painettaessa n\u00e4ytt\u00f6\u00f6n ei ainakaan ilmesty \u00e4\u00e4nenvoimakkuusskaalaa.<\/p><p>Ei testattu eik\u00e4 tutkittu tarkemmin.\u00a0<\/p>","protected":false},"excerpt":{"rendered":"<div class=\"woocommerce-product-details__short-description\">\n<p>Suosittelemme s\u00e4rkyv\u00e4 -lis\u00e4palvelua t\u00e4lle tuotekategorialle.<\/p>\n<\/div>","protected":false},"featured_media":42789,"template":"","meta":[],"_links":{"self":[{"href":"https:\/\/www.radiomarket.fi\/en\/wp-json\/wp\/v2\/product\/18957"}],"collection":[{"href":"https:\/\/www.radiomarket.fi\/en\/wp-json\/wp\/v2\/product"}],"about":[{"href":"https:\/\/www.radiomarket.fi\/en\/wp-json\/wp\/v2\/types\/product"}],"wp:featuredmedia":[{"embeddable":true,"href":"https:\/\/www.radiomarket.fi\/en\/wp-json\/wp\/v2\/media\/42789"}],"wp:attachment":[{"href":"https:\/\/www.radiomarket.fi\/en\/wp-json\/wp\/v2\/media?parent=18957"}],"curies":[{"name":"wp","href":"https:\/\/api.w.org\/{rel}","templated":true}]}}